{"id":29145,"date":"2025-01-28T15:59:12","date_gmt":"2025-01-28T13:59:12","guid":{"rendered":"https:\/\/fifaa.ee\/?post_type=product&#038;p=29145"},"modified":"2026-04-01T16:08:06","modified_gmt":"2026-04-01T13:08:06","slug":"bambusest-lauaorganisaator-10w-juhtmevaba-laadija","status":"publish","type":"product","link":"https:\/\/fifaa.ee\/en\/product\/bambusest-lauaorganisaator-10w-juhtmevaba-laadija\/","title":{"rendered":"Bamboo desk organizer 10W wireless charger"},"content":{"rendered":"<p>10W wireless fast charger with tabletop cover made of RCS (Recycled Claim Standard) certified recycled ABS. Total recycled content: 51% of the total weight of the item (including bamboo base) The bamboo exterior of the organizer is made entirely of FSC 100 bamboo. Includes a 120cm Type-C charging cable made of RCS certified recycled TPE. Packed in an FSC mix kraft box. Type-C input 5V\/2A; 9V\/1.67A. Wireless output 5V\/1A;9V\/1.1A (10W)<\/p>","protected":false},"excerpt":{"rendered":"<p>RCS (Recycled Claim Standard) sertifitseeritud ringlussev\u00f5etud ABS-ist valmistatud 10 W juhtmevaba kiirlaadija lauakorgiga. Kogu taaskasutatud sisaldus: 5% eseme kogukaalust (kaasa arvatud bambusest alus) Korraldaja bambusest v\u00e4lispind on t\u00e4ielikult valmistatud FSC 100 bambusest. Kaasa arvatud 120 cm C-t\u00fc\u00fcpi laadimiskaabel, mis on valmistatud RCS-sertifikaadiga taaskasutatud TPE-st. Pakitud FSC mix kraft karpi. Type-C sisend 5V\/2A; 9V\/1,67A. Juhtmeta v\u00e4ljund [&hellip;]<\/p>\n","protected":false},"featured_media":29162,"template":"","meta":{"_acf_changed":false},"product_brand":[],"product_cat":[589,647],"product_tag":[],"class_list":{"0":"post-29145","1":"product","2":"type-product","3":"status-publish","4":"has-post-thumbnail","6":"product_cat-elektroonika","7":"product_cat-juhtmevabad-laadijad","8":"pa_varv-pruun","10":"first","11":"instock","12":"taxable","13":"shipping-taxable","14":"purchasable","15":"product-type-variable","16":"has-default-attributes"},"acf":[],"_links":{"self":[{"href":"https:\/\/fifaa.ee\/en\/wp-json\/wp\/v2\/product\/29145","targetHints":{"allow":["GET"]}}],"collection":[{"href":"https:\/\/fifaa.ee\/en\/wp-json\/wp\/v2\/product"}],"about":[{"href":"https:\/\/fifaa.ee\/en\/wp-json\/wp\/v2\/types\/product"}],"wp:featuredmedia":[{"embeddable":true,"href":"https:\/\/fifaa.ee\/en\/wp-json\/wp\/v2\/media\/29162"}],"wp:attachment":[{"href":"https:\/\/fifaa.ee\/en\/wp-json\/wp\/v2\/media?parent=29145"}],"wp:term":[{"taxonomy":"product_brand","embeddable":true,"href":"https:\/\/fifaa.ee\/en\/wp-json\/wp\/v2\/product_brand?post=29145"},{"taxonomy":"product_cat","embeddable":true,"href":"https:\/\/fifaa.ee\/en\/wp-json\/wp\/v2\/product_cat?post=29145"},{"taxonomy":"product_tag","embeddable":true,"href":"https:\/\/fifaa.ee\/en\/wp-json\/wp\/v2\/product_tag?post=29145"}],"curies":[{"name":"wp","href":"https:\/\/api.w.org\/{rel}","templated":true}]}}