{"id":29146,"date":"2025-01-28T15:59:13","date_gmt":"2025-01-28T13:59:13","guid":{"rendered":"https:\/\/fifaa.ee\/?post_type=product&#038;p=29146"},"modified":"2026-04-01T16:08:36","modified_gmt":"2026-04-01T13:08:36","slug":"ontario-rcs-taaskasutatud-plastist-10-w-juhtmeta-laadija","status":"publish","type":"product","link":"https:\/\/fifaa.ee\/en\/product\/ontario-rcs-taaskasutatud-plastist-10-w-juhtmeta-laadija\/","title":{"rendered":"Ontario RCS recycled plastic 10W wireless charger"},"content":{"rendered":"<p>10W fast wireless charger with pen holder made of RCS (Recycled Claim Standard) certified recycled ABS. Total recycled content: 78% of the total weight of the item. RCS certification ensures a fully certified supply chain of recycled materials. Wireless charging area made of bamboo FSC 100 bamboo. With two USB ports on the back for charging via cable. Wireless charging compatible with the latest generations of Android, iPhone 8 and above. Product and accessories PVC-free. Including 120 cm Type-C charging cable made of RCS certified recycled TPE. Packed in FSC mix kraft box. Type-C input 5V\/2A; 9V\/2A; Wireless output 5V\/1A;9V\/1.1A; (10W) Registered design\u00ae<\/p>","protected":false},"excerpt":{"rendered":"<p>10 W kiire juhtmevaba laadija koos pliiatsihoidjaga, mis on valmistatud RCS (Recycled Claim Standard) sertifitseeritud taaskasutatud ABS-ist. Taaskasutatud kogusisaldus: 78% eseme kogukaalust. RCS-sertifikaat tagab taaskasutatud materjalide t\u00e4ielikult sertifitseeritud tarneahela. Bambusest FSC 100 bambusest valmistatud juhtmevaba laadimisala. Kahe USB-pordiga tagak\u00fcljel laadimiseks kaabli kaudu. Juhtmeta laadimine \u00fchildub Androidi uusimate p\u00f5lvkondade, iPhone 8 ja uuemate versioonidega. Toode ja [&hellip;]<\/p>\n","protected":false},"featured_media":29164,"template":"","meta":{"_acf_changed":false},"product_brand":[],"product_cat":[589,647],"product_tag":[659],"class_list":{"0":"post-29146","1":"product","2":"type-product","3":"status-publish","4":"has-post-thumbnail","6":"product_cat-elektroonika","7":"product_cat-juhtmevabad-laadijad","8":"product_tag-more-colors","9":"pa_varv-must","10":"pa_varv-valge-new","12":"first","13":"instock","14":"taxable","15":"shipping-taxable","16":"purchasable","17":"product-type-variable","18":"has-default-attributes"},"acf":[],"_links":{"self":[{"href":"https:\/\/fifaa.ee\/en\/wp-json\/wp\/v2\/product\/29146","targetHints":{"allow":["GET"]}}],"collection":[{"href":"https:\/\/fifaa.ee\/en\/wp-json\/wp\/v2\/product"}],"about":[{"href":"https:\/\/fifaa.ee\/en\/wp-json\/wp\/v2\/types\/product"}],"wp:featuredmedia":[{"embeddable":true,"href":"https:\/\/fifaa.ee\/en\/wp-json\/wp\/v2\/media\/29164"}],"wp:attachment":[{"href":"https:\/\/fifaa.ee\/en\/wp-json\/wp\/v2\/media?parent=29146"}],"wp:term":[{"taxonomy":"product_brand","embeddable":true,"href":"https:\/\/fifaa.ee\/en\/wp-json\/wp\/v2\/product_brand?post=29146"},{"taxonomy":"product_cat","embeddable":true,"href":"https:\/\/fifaa.ee\/en\/wp-json\/wp\/v2\/product_cat?post=29146"},{"taxonomy":"product_tag","embeddable":true,"href":"https:\/\/fifaa.ee\/en\/wp-json\/wp\/v2\/product_tag?post=29146"}],"curies":[{"name":"wp","href":"https:\/\/api.w.org\/{rel}","templated":true}]}}