{"id":29148,"date":"2025-01-28T15:59:13","date_gmt":"2025-01-28T13:59:13","guid":{"rendered":"https:\/\/fifaa.ee\/?post_type=product&#038;p=29148"},"modified":"2026-04-01T16:08:36","modified_gmt":"2026-04-01T13:08:36","slug":"ontario-rcs-rplastic-10w-topeltjuhtmevaba","status":"publish","type":"product","link":"https:\/\/fifaa.ee\/en\/product\/ontario-rcs-rplastic-10w-topeltjuhtmevaba\/","title":{"rendered":"Ontario RCS rplastic 10W dual wireless"},"content":{"rendered":"<p>Dual 10W fast wireless charger with stylus holder made from RCS (Recycled Claim Standard) certified recycled ABS. Total recycled content: 31% of the total weight of the item. RCS certification ensures a fully certified supply chain of recycled materials. The base is made from FSC\u00ae 100% bamboo. Wireless charging is compatible with the latest generations of Android, iPhone 8 and above. Can charge two phones at the same time or charge any other wireless device. 4 stylus holes for storing pens\/pencils and a small storage compartment for storing business cards or other small items. Product and accessories PVC-free. Including 120 cm Type-C charging cable made from RCS certified recycled TPE. Packed in FSC\u00aemix kraft box. Type-C in; Input 5V\/2A; 9V\/2A; Wireless output 5V\/1A;9V\/1.1A; (10W) Registered design\u00ae<\/p>","protected":false},"excerpt":{"rendered":"<p>Kahekordne 10 W kiire juhtmevaba laadija koos pliiatsihoidjaga, mis on valmistatud RCS (Recycled Claim Standard) sertifitseeritud taaskasutatud ABS-ist. Taaskasutatud kogusisaldus: 31% eseme kogukaalust. RCS-sertifikaat tagab taaskasutatud materjalide t\u00e4ielikult sertifitseeritud tarneahela. P\u00f5hi on valmistatud FSC\u00ae 100% bambusest. Juhtmeta laadimine \u00fchildub Androidi uusimate p\u00f5lvkondade, iPhone 8 ja uuemate versioonidega. Saab laadida kahte telefoni korraga v\u00f5i laadida mis [&hellip;]<\/p>\n","protected":false},"featured_media":29170,"template":"","meta":{"_acf_changed":false},"product_brand":[],"product_cat":[589,647],"product_tag":[],"class_list":{"0":"post-29148","1":"product","2":"type-product","3":"status-publish","4":"has-post-thumbnail","6":"product_cat-elektroonika","7":"product_cat-juhtmevabad-laadijad","8":"pa_varv-valge-new","10":"first","11":"instock","12":"taxable","13":"shipping-taxable","14":"purchasable","15":"product-type-variable","16":"has-default-attributes"},"acf":[],"_links":{"self":[{"href":"https:\/\/fifaa.ee\/en\/wp-json\/wp\/v2\/product\/29148","targetHints":{"allow":["GET"]}}],"collection":[{"href":"https:\/\/fifaa.ee\/en\/wp-json\/wp\/v2\/product"}],"about":[{"href":"https:\/\/fifaa.ee\/en\/wp-json\/wp\/v2\/types\/product"}],"wp:featuredmedia":[{"embeddable":true,"href":"https:\/\/fifaa.ee\/en\/wp-json\/wp\/v2\/media\/29170"}],"wp:attachment":[{"href":"https:\/\/fifaa.ee\/en\/wp-json\/wp\/v2\/media?parent=29148"}],"wp:term":[{"taxonomy":"product_brand","embeddable":true,"href":"https:\/\/fifaa.ee\/en\/wp-json\/wp\/v2\/product_brand?post=29148"},{"taxonomy":"product_cat","embeddable":true,"href":"https:\/\/fifaa.ee\/en\/wp-json\/wp\/v2\/product_cat?post=29148"},{"taxonomy":"product_tag","embeddable":true,"href":"https:\/\/fifaa.ee\/en\/wp-json\/wp\/v2\/product_tag?post=29148"}],"curies":[{"name":"wp","href":"https:\/\/api.w.org\/{rel}","templated":true}]}}