{"id":29150,"date":"2025-01-28T15:59:13","date_gmt":"2025-01-28T13:59:13","guid":{"rendered":"https:\/\/fifaa.ee\/?post_type=product&#038;p=29150"},"modified":"2026-04-01T16:08:36","modified_gmt":"2026-04-01T13:08:36","slug":"rcs-taaskasutatud-plastist-10-w-juhtmeta-laadija-usb-portidega","status":"publish","type":"product","link":"https:\/\/fifaa.ee\/en\/product\/rcs-taaskasutatud-plastist-10-w-juhtmeta-laadija-usb-portidega\/","title":{"rendered":"RCS recycled plastic 10W Wireless charger with USB Ports"},"content":{"rendered":"<p>10W wireless fast charger with two USB ports made from RCS (Recycled Claim Standard) certified recycled ABS. Total recycled content: 57% of the total weight of the item. RCS certification ensures a fully certified supply chain of recycled materials. Wireless charging is compatible with the latest generations of Android, iPhone 8 and above. Product and accessories PVC-free. Including 120 cm Type-C charging cable made from RCS certified recycled TPE. Packed in FSC mix kraft box. Type-C in; Input 5V\/2A; 9V\/1.67A. Wireless output 5V\/1A;9V\/1.1A (10W)<\/p>","protected":false},"excerpt":{"rendered":"<p>10 W juhtmevaba kiirlaadija kahe USB-pordiga, mis on valmistatud RCS-i (Recycled Claim Standard) sertifitseeritud taaskasutatud ABS-ist. Taaskasutatud kogusisaldus: 57% eseme kogukaalust. RCS-sertifikaat tagab taaskasutatud materjalide t\u00e4ielikult sertifitseeritud tarneahela. Juhtmeta laadimine \u00fchildub Androidi uusimate p\u00f5lvkondade, iPhone 8 ja uuemate versioonidega. Toode ja tarvikud PVC-vaba. Kaasa arvatud 120 cm C-t\u00fc\u00fcpi laadimiskaabel, mis on valmistatud RCS-sertifikaadiga taaskasutatud TPE-st. [&hellip;]<\/p>\n","protected":false},"featured_media":29176,"template":"","meta":{"_acf_changed":false},"product_brand":[],"product_cat":[589,647],"product_tag":[659],"class_list":{"0":"post-29150","1":"product","2":"type-product","3":"status-publish","4":"has-post-thumbnail","6":"product_cat-elektroonika","7":"product_cat-juhtmevabad-laadijad","8":"product_tag-more-colors","9":"pa_varv-must","10":"pa_varv-valge-new","12":"first","13":"instock","14":"taxable","15":"shipping-taxable","16":"purchasable","17":"product-type-variable","18":"has-default-attributes"},"acf":[],"_links":{"self":[{"href":"https:\/\/fifaa.ee\/en\/wp-json\/wp\/v2\/product\/29150","targetHints":{"allow":["GET"]}}],"collection":[{"href":"https:\/\/fifaa.ee\/en\/wp-json\/wp\/v2\/product"}],"about":[{"href":"https:\/\/fifaa.ee\/en\/wp-json\/wp\/v2\/types\/product"}],"wp:featuredmedia":[{"embeddable":true,"href":"https:\/\/fifaa.ee\/en\/wp-json\/wp\/v2\/media\/29176"}],"wp:attachment":[{"href":"https:\/\/fifaa.ee\/en\/wp-json\/wp\/v2\/media?parent=29150"}],"wp:term":[{"taxonomy":"product_brand","embeddable":true,"href":"https:\/\/fifaa.ee\/en\/wp-json\/wp\/v2\/product_brand?post=29150"},{"taxonomy":"product_cat","embeddable":true,"href":"https:\/\/fifaa.ee\/en\/wp-json\/wp\/v2\/product_cat?post=29150"},{"taxonomy":"product_tag","embeddable":true,"href":"https:\/\/fifaa.ee\/en\/wp-json\/wp\/v2\/product_tag?post=29150"}],"curies":[{"name":"wp","href":"https:\/\/api.w.org\/{rel}","templated":true}]}}