{"id":29189,"date":"2025-01-28T15:59:30","date_gmt":"2025-01-28T13:59:30","guid":{"rendered":"https:\/\/fifaa.ee\/?post_type=product&#038;p=29189"},"modified":"2026-04-01T16:08:57","modified_gmt":"2026-04-01T13:08:57","slug":"swiss-peak-rcs-rpu-15w-kolm-uhes-magnetiline-juhtmevaba-laadija","status":"publish","type":"product","link":"https:\/\/fifaa.ee\/en\/product\/swiss-peak-rcs-rpu-15w-kolm-uhes-magnetiline-juhtmevaba-laadija\/","title":{"rendered":"Swiss Peak RCS rPU 15W 3-in-1 magnetic wireless charger"},"content":{"rendered":"<p>Luxurious and foldable 3-in-1 wireless charger made from RCS-certified recycled PU. Total recycled content: 5% of the total weight of the item. RCS certification ensures a fully certified supply chain of recycled materials. The wireless charger is equipped with a magnetic 15W wireless charger on the front. On the back there is an additional 5W wireless charger suitable for headphones or other small wirelessly charged devices, and a 2.5W wireless charger for smartwatches (Apple watches only). Includes a 120cm RCS-certified recycled TPE cable. Packed in FSC\u00ae mix kraft packaging. Product and accessories 100% PVC-free. Input: 9V\/3A for optimal use. Output: Front: 9V\/1.1A; 9V\/1.67 A\/(15W), headphones: 5V\/1A (5W), watch: 5V\/0.5A.<\/p>","protected":false},"excerpt":{"rendered":"<p>Luksuslik ja kokkupandav kolm-\u00fches juhtmevaba laadija, mis on valmistatud RCS-sertifikaadiga taaskasutatud PU-st. Taaskasutatud kogusisaldus: 5% eseme kogukaalust. RCS-sertifikaat tagab taaskasutatud materjalide t\u00e4ielikult sertifitseeritud tarneahela. Juhtmeta laadija on varustatud magnetilise 15 W juhtmevaba laadijaga ees. Tagak\u00fcljel on t\u00e4iendav 5 W juhtmevaba laadija, mis sobib k\u00f5rvaklappide v\u00f5i muude v\u00e4ikeste juhtmevabade laetavate seadmete jaoks, ja 2,5 W juhtmevaba [&hellip;]<\/p>\n","protected":false},"featured_media":29205,"template":"","meta":{"_acf_changed":false},"product_brand":[],"product_cat":[589,647],"product_tag":[],"class_list":{"0":"post-29189","1":"product","2":"type-product","3":"status-publish","4":"has-post-thumbnail","6":"product_cat-elektroonika","7":"product_cat-juhtmevabad-laadijad","8":"pa_varv-must","10":"first","11":"instock","12":"taxable","13":"shipping-taxable","14":"purchasable","15":"product-type-variable","16":"has-default-attributes"},"acf":[],"_links":{"self":[{"href":"https:\/\/fifaa.ee\/en\/wp-json\/wp\/v2\/product\/29189","targetHints":{"allow":["GET"]}}],"collection":[{"href":"https:\/\/fifaa.ee\/en\/wp-json\/wp\/v2\/product"}],"about":[{"href":"https:\/\/fifaa.ee\/en\/wp-json\/wp\/v2\/types\/product"}],"wp:featuredmedia":[{"embeddable":true,"href":"https:\/\/fifaa.ee\/en\/wp-json\/wp\/v2\/media\/29205"}],"wp:attachment":[{"href":"https:\/\/fifaa.ee\/en\/wp-json\/wp\/v2\/media?parent=29189"}],"wp:term":[{"taxonomy":"product_brand","embeddable":true,"href":"https:\/\/fifaa.ee\/en\/wp-json\/wp\/v2\/product_brand?post=29189"},{"taxonomy":"product_cat","embeddable":true,"href":"https:\/\/fifaa.ee\/en\/wp-json\/wp\/v2\/product_cat?post=29189"},{"taxonomy":"product_tag","embeddable":true,"href":"https:\/\/fifaa.ee\/en\/wp-json\/wp\/v2\/product_tag?post=29189"}],"curies":[{"name":"wp","href":"https:\/\/api.w.org\/{rel}","templated":true}]}}