{"id":29190,"date":"2025-01-28T15:59:30","date_gmt":"2025-01-28T13:59:30","guid":{"rendered":"https:\/\/fifaa.ee\/?post_type=product&#038;p=29190"},"modified":"2026-04-01T16:09:18","modified_gmt":"2026-04-01T13:09:18","slug":"link-rcs-i-taaskasutatud-plastist-ja-bambusest-kahe-sisendiga-usb-jaotur","status":"publish","type":"product","link":"https:\/\/fifaa.ee\/en\/product\/link-rcs-i-taaskasutatud-plastist-ja-bambusest-kahe-sisendiga-usb-jaotur\/","title":{"rendered":"Link RCS recycled plastic and bamboo dual Input USB hub"},"content":{"rendered":"<p>USB 2.0 USB hub with two inputs for connecting to either USB A or Type-C ports. The hub itself has two USB A outputs and two USB C outputs. Made from RCS recycled ABS and recycled TPE and FSC-certified bamboo. Total recycled content: 32% of the total weight of the item. RCS certification ensures a fully certified supply chain of recycled materials. PVC free. Packaged in plastic-free FSC mixed packaging<\/p>","protected":false},"excerpt":{"rendered":"<p>USB 2.0 USB-jaotur kahe sisendiga \u00fchendamiseks kas USB A- v\u00f5i C-t\u00fc\u00fcpi porti. Jaoturil endal on kaks USB A v\u00e4ljundit ja kaks USB C v\u00e4ljundit. Valmistatud RCS-i taaskasutatud ABS-ist ja taaskasutatud TPE-st ja FSC-sertifikaadiga bambusest. Taaskasutatud kogusisaldus: 32% eseme kogukaalust. RCS-sertifikaat tagab taaskasutatud materjalide t\u00e4ielikult sertifitseeritud tarneahela. PVC vaba. Pakendatud plastivabasse FSC segupakendisse<\/p>","protected":false},"featured_media":29207,"template":"","meta":{"_acf_changed":false},"product_brand":[],"product_cat":[589,591],"product_tag":[],"class_list":{"0":"post-29190","1":"product","2":"type-product","3":"status-publish","4":"has-post-thumbnail","6":"product_cat-elektroonika","7":"product_cat-hubid","8":"pa_varv-must","10":"first","11":"instock","12":"taxable","13":"shipping-taxable","14":"purchasable","15":"product-type-variable","16":"has-default-attributes"},"acf":[],"_links":{"self":[{"href":"https:\/\/fifaa.ee\/en\/wp-json\/wp\/v2\/product\/29190","targetHints":{"allow":["GET"]}}],"collection":[{"href":"https:\/\/fifaa.ee\/en\/wp-json\/wp\/v2\/product"}],"about":[{"href":"https:\/\/fifaa.ee\/en\/wp-json\/wp\/v2\/types\/product"}],"wp:featuredmedia":[{"embeddable":true,"href":"https:\/\/fifaa.ee\/en\/wp-json\/wp\/v2\/media\/29207"}],"wp:attachment":[{"href":"https:\/\/fifaa.ee\/en\/wp-json\/wp\/v2\/media?parent=29190"}],"wp:term":[{"taxonomy":"product_brand","embeddable":true,"href":"https:\/\/fifaa.ee\/en\/wp-json\/wp\/v2\/product_brand?post=29190"},{"taxonomy":"product_cat","embeddable":true,"href":"https:\/\/fifaa.ee\/en\/wp-json\/wp\/v2\/product_cat?post=29190"},{"taxonomy":"product_tag","embeddable":true,"href":"https:\/\/fifaa.ee\/en\/wp-json\/wp\/v2\/product_tag?post=29190"}],"curies":[{"name":"wp","href":"https:\/\/api.w.org\/{rel}","templated":true}]}}