{"id":29191,"date":"2025-01-28T15:59:30","date_gmt":"2025-01-28T13:59:30","guid":{"rendered":"https:\/\/fifaa.ee\/?post_type=product&#038;p=29191"},"modified":"2026-04-01T16:09:18","modified_gmt":"2026-04-01T13:09:18","slug":"oregon-rcs-taaskasutatud-plastist-ja-korgist-10-w-juhtmevaba","status":"publish","type":"product","link":"https:\/\/fifaa.ee\/en\/product\/oregon-rcs-taaskasutatud-plastist-ja-korgist-10-w-juhtmevaba\/","title":{"rendered":"Oregon RCS recycled plastic and cork 10W wireless"},"content":{"rendered":"<p>Elegantly designed 10W wireless charger made from FSC\u00ae 100% cork and RCS (Recycled Claim Standard) certified recycled ABS. Total recycled content: 33% of the total weight of the item. RCS certification ensures a fully certified supply chain of recycled materials. Cork made from FSC 100% cork. Wireless charging compatible with the latest generations of Android, iPhone 8 and above. Product and accessories PVC-free. Including 120 cm Type-C charging cable made from RCS certified recycled TPE. Packed in FSC mix kraft box. Type-C input 5V\/2A; 9V\/2A; Wireless output 5V\/1A;9V\/1.1A; (10W) Packed in FSC\u00ae mix kraft packaging. Product and accessories 100% PVC-free.<\/p>","protected":false},"excerpt":{"rendered":"<p>Elegantse disainiga 10 W juhtmevaba laadija, mis on valmistatud FSC\u00ae 100% korgist ja RCS (Recycled Claim Standard) sertifitseeritud taaskasutatud ABS-ist. Taaskasutatud kogusisaldus: 33% eseme kogukaalust. RCS-sertifikaat tagab taaskasutatud materjalide t\u00e4ielikult sertifitseeritud tarneahela. Kork valmistatud FSC 100% korgist. Juhtmeta laadimine \u00fchildub Androidi uusimate p\u00f5lvkondade, iPhone 8 ja uuemate versioonidega. Toode ja tarvikud PVC-vaba. Kaasa arvatud 120 [&hellip;]<\/p>\n","protected":false},"featured_media":29209,"template":"","meta":{"_acf_changed":false},"product_brand":[],"product_cat":[589,647],"product_tag":[],"class_list":{"0":"post-29191","1":"product","2":"type-product","3":"status-publish","4":"has-post-thumbnail","6":"product_cat-elektroonika","7":"product_cat-juhtmevabad-laadijad","8":"pa_varv-pruun","10":"first","11":"instock","12":"taxable","13":"shipping-taxable","14":"purchasable","15":"product-type-variable","16":"has-default-attributes"},"acf":[],"_links":{"self":[{"href":"https:\/\/fifaa.ee\/en\/wp-json\/wp\/v2\/product\/29191","targetHints":{"allow":["GET"]}}],"collection":[{"href":"https:\/\/fifaa.ee\/en\/wp-json\/wp\/v2\/product"}],"about":[{"href":"https:\/\/fifaa.ee\/en\/wp-json\/wp\/v2\/types\/product"}],"wp:featuredmedia":[{"embeddable":true,"href":"https:\/\/fifaa.ee\/en\/wp-json\/wp\/v2\/media\/29209"}],"wp:attachment":[{"href":"https:\/\/fifaa.ee\/en\/wp-json\/wp\/v2\/media?parent=29191"}],"wp:term":[{"taxonomy":"product_brand","embeddable":true,"href":"https:\/\/fifaa.ee\/en\/wp-json\/wp\/v2\/product_brand?post=29191"},{"taxonomy":"product_cat","embeddable":true,"href":"https:\/\/fifaa.ee\/en\/wp-json\/wp\/v2\/product_cat?post=29191"},{"taxonomy":"product_tag","embeddable":true,"href":"https:\/\/fifaa.ee\/en\/wp-json\/wp\/v2\/product_tag?post=29191"}],"curies":[{"name":"wp","href":"https:\/\/api.w.org\/{rel}","templated":true}]}}