{"id":29193,"date":"2025-01-28T15:59:30","date_gmt":"2025-01-28T13:59:30","guid":{"rendered":"https:\/\/fifaa.ee\/?post_type=product&#038;p=29193"},"modified":"2026-04-01T16:09:18","modified_gmt":"2026-04-01T13:09:18","slug":"joltz-rcs-taaskasutatud-plastist-topelt-15-w-laadija-koos-iwatchi-pesaga","status":"publish","type":"product","link":"https:\/\/fifaa.ee\/en\/product\/joltz-rcs-taaskasutatud-plastist-topelt-15-w-laadija-koos-iwatchi-pesaga\/","title":{"rendered":"Joltz RCS recycled plastic dual 15W charger with iWatch slot"},"content":{"rendered":"<p>Foldable design charging stand with 15W wireless charger made from recycled ABS. With a second 5W wireless charger for charging smaller items such as headphones. With iWatch slot that is compatible with the official iWatch charging cable. On the back there is a 5V\/1A USB A and USB C output port for charging items via cable. With silicon tips on the bottom to prevent slipping and silicone cushioning on the base to keep your phone in perfect condition. Total recycled content: 80% of the total weight of the item. RCS certification ensures a fully certified supply chain of recycled materials. Packed in FSC\u00ae packaging. PVC free. Including RCS recycled TPE 120cm USB A to USB C charging cable. Packed in FSC\u00ae packaging. PVC free<\/p>","protected":false},"excerpt":{"rendered":"<p>Kokkupandav disain laadimisalus 15 W juhtmevaba laadijaga, mis on valmistatud taaskasutatud ABS-ist. Teise 5 W juhtmevaba laadijaga v\u00e4iksemate esemete, n\u00e4iteks k\u00f5rvaklappide laadimiseks. iWatchi pesaga, mis sobib iWatchi ametliku laadimiskaabliga. Tagak\u00fcljel on 5V\/1A USB A ja USB C v\u00e4ljundport esemete laadimiseks kaabli abil. R\u00e4nist otstega p\u00f5hjas, et v\u00e4ltida libisemist, ja silikoonist pehmendusega aluse k\u00fclge, et telefon [&hellip;]<\/p>\n","protected":false},"featured_media":29213,"template":"","meta":{"_acf_changed":false},"product_brand":[],"product_cat":[589,647],"product_tag":[],"class_list":{"0":"post-29193","1":"product","2":"type-product","3":"status-publish","4":"has-post-thumbnail","6":"product_cat-elektroonika","7":"product_cat-juhtmevabad-laadijad","8":"pa_varv-valge-new","10":"first","11":"instock","12":"taxable","13":"shipping-taxable","14":"purchasable","15":"product-type-variable","16":"has-default-attributes"},"acf":[],"_links":{"self":[{"href":"https:\/\/fifaa.ee\/en\/wp-json\/wp\/v2\/product\/29193","targetHints":{"allow":["GET"]}}],"collection":[{"href":"https:\/\/fifaa.ee\/en\/wp-json\/wp\/v2\/product"}],"about":[{"href":"https:\/\/fifaa.ee\/en\/wp-json\/wp\/v2\/types\/product"}],"wp:featuredmedia":[{"embeddable":true,"href":"https:\/\/fifaa.ee\/en\/wp-json\/wp\/v2\/media\/29213"}],"wp:attachment":[{"href":"https:\/\/fifaa.ee\/en\/wp-json\/wp\/v2\/media?parent=29193"}],"wp:term":[{"taxonomy":"product_brand","embeddable":true,"href":"https:\/\/fifaa.ee\/en\/wp-json\/wp\/v2\/product_brand?post=29193"},{"taxonomy":"product_cat","embeddable":true,"href":"https:\/\/fifaa.ee\/en\/wp-json\/wp\/v2\/product_cat?post=29193"},{"taxonomy":"product_tag","embeddable":true,"href":"https:\/\/fifaa.ee\/en\/wp-json\/wp\/v2\/product_tag?post=29193"}],"curies":[{"name":"wp","href":"https:\/\/api.w.org\/{rel}","templated":true}]}}