{"id":29195,"date":"2025-01-28T15:59:30","date_gmt":"2025-01-28T13:59:30","guid":{"rendered":"https:\/\/fifaa.ee\/?post_type=product&#038;p=29195"},"modified":"2026-04-01T16:09:47","modified_gmt":"2026-04-01T13:09:47","slug":"terra-rcs-taaskasutatud-alumiiniumist-kokkupandav-kolm-uhes-15-w-laadija","status":"publish","type":"product","link":"https:\/\/fifaa.ee\/en\/product\/terra-rcs-taaskasutatud-alumiiniumist-kokkupandav-kolm-uhes-15-w-laadija\/","title":{"rendered":"Terra RCS recycled aluminum foldable 3 in 1 15W charger"},"content":{"rendered":"<p>Luxurious and foldable 3-in-1 wireless charger made from RCS recycled ABS and RCS recycled aluminum. Total recycled content: 46% of the total weight of the item. RCS certification ensures a fully certified supply chain of recycled materials. The wireless charger comes with a magnetic 15W wireless charger and an additional 5W wireless charger suitable for headphones or other small wireless charging devices, and a 2.5W wireless charger for smartwatches (Apple watches only). Includes a 120cm RCS-certified recycled TPE cable. Packed in FSC\u00ae mix kraft packaging. Product and accessories 100% PVC-free. Input: 9V\/3A for optimal use. Output: Phone: 9V\/1.1A; 9V\/1.67 A\/(15W), headphones: 5V\/1A (5W), watch: 5V\/0.5A. PVC free.<\/p>","protected":false},"excerpt":{"rendered":"<p>Luksuslik ja kokkupandav kolm-\u00fches juhtmevaba laadija, mis on valmistatud RCS-i ringlussev\u00f5etud ABS-ist ja RCS-i ringlussev\u00f5etud alumiiniumist. Taaskasutatud kogusisaldus: 46% eseme kogukaalust. RCS-sertifikaat tagab taaskasutatud materjalide t\u00e4ielikult sertifitseeritud tarneahela. Juhtmeta laadija on varustatud magnetilise 15 W juhtmevaba laadija ja t\u00e4iendava 5 W juhtmevaba laadijaga, mis sobib k\u00f5rvaklappide v\u00f5i muude v\u00e4ikeste juhtmevabade laetavate seadmete jaoks ning 2,5 [&hellip;]<\/p>\n","protected":false},"featured_media":29217,"template":"","meta":{"_acf_changed":false},"product_brand":[],"product_cat":[589,647],"product_tag":[],"class_list":{"0":"post-29195","1":"product","2":"type-product","3":"status-publish","4":"has-post-thumbnail","6":"product_cat-elektroonika","7":"product_cat-juhtmevabad-laadijad","8":"pa_varv-hall","10":"first","11":"instock","12":"taxable","13":"shipping-taxable","14":"purchasable","15":"product-type-variable","16":"has-default-attributes"},"acf":[],"_links":{"self":[{"href":"https:\/\/fifaa.ee\/en\/wp-json\/wp\/v2\/product\/29195","targetHints":{"allow":["GET"]}}],"collection":[{"href":"https:\/\/fifaa.ee\/en\/wp-json\/wp\/v2\/product"}],"about":[{"href":"https:\/\/fifaa.ee\/en\/wp-json\/wp\/v2\/types\/product"}],"wp:featuredmedia":[{"embeddable":true,"href":"https:\/\/fifaa.ee\/en\/wp-json\/wp\/v2\/media\/29217"}],"wp:attachment":[{"href":"https:\/\/fifaa.ee\/en\/wp-json\/wp\/v2\/media?parent=29195"}],"wp:term":[{"taxonomy":"product_brand","embeddable":true,"href":"https:\/\/fifaa.ee\/en\/wp-json\/wp\/v2\/product_brand?post=29195"},{"taxonomy":"product_cat","embeddable":true,"href":"https:\/\/fifaa.ee\/en\/wp-json\/wp\/v2\/product_cat?post=29195"},{"taxonomy":"product_tag","embeddable":true,"href":"https:\/\/fifaa.ee\/en\/wp-json\/wp\/v2\/product_tag?post=29195"}],"curies":[{"name":"wp","href":"https:\/\/api.w.org\/{rel}","templated":true}]}}