{"id":29196,"date":"2025-01-28T15:59:30","date_gmt":"2025-01-28T13:59:30","guid":{"rendered":"https:\/\/fifaa.ee\/?post_type=product&#038;p=29196"},"modified":"2026-04-01T16:09:47","modified_gmt":"2026-04-01T13:09:47","slug":"terra-rcs-taaskasutatud-alumiiniumist-jaotur-hdmi-sisendiga","status":"publish","type":"product","link":"https:\/\/fifaa.ee\/en\/product\/terra-rcs-taaskasutatud-alumiiniumist-jaotur-hdmi-sisendiga\/","title":{"rendered":"Terra RCS recycled aluminum hub with HDMI input"},"content":{"rendered":"<p>The hub is made of RCS (Recycled Claim Standard) certified recycled aluminum, ABS, TPE and PET. With 1 USB A 2.0, 1 USB A 3.0, 1 Type-C port and 4K HDMI port. The HUB has an integrated 10 cm Type-C cable made of RCS certified recycled TPE\/PET material. Total recycled content: 58% of the total weight of the item. The RCS certification ensures a fully certified supply chain of recycled materials. With two input connectors, so it is suitable for both Type-C and USB Type-A computers. Aluminum does not lose its properties during recycling and can be recycled indefinitely. Product and accessories 100% PVC-free. Packed in FSC mixed packaging. Supports data transfer.<\/p>","protected":false},"excerpt":{"rendered":"<p>Rummu on valmistatud RCS (Recycled Claim Standard) sertifitseeritud taaskasutatud alumiiniumist, ABS-ist, TPE-st ja PET-st. 1 USB A 2.0, 1 USB A 3.0, 1 C-t\u00fc\u00fcpi pordi ja 4K HDMI-pordiga. HUB-il on integreeritud 10 cm pikkune C-t\u00fc\u00fcpi kaabel, mis on valmistatud taaskasutatud RCS-sertifikaadiga TPE\/PET materjalist. Taaskasutatud kogusisaldus: 58% eseme kogukaalust. RCS-sertifikaat tagab taaskasutatud materjalide t\u00e4ielikult sertifitseeritud tarneahela. [&hellip;]<\/p>\n","protected":false},"featured_media":29219,"template":"","meta":{"_acf_changed":false},"product_brand":[],"product_cat":[589,591],"product_tag":[],"class_list":{"0":"post-29196","1":"product","2":"type-product","3":"status-publish","4":"has-post-thumbnail","6":"product_cat-elektroonika","7":"product_cat-hubid","8":"pa_varv-hall","10":"first","11":"instock","12":"taxable","13":"shipping-taxable","14":"purchasable","15":"product-type-variable","16":"has-default-attributes"},"acf":[],"_links":{"self":[{"href":"https:\/\/fifaa.ee\/en\/wp-json\/wp\/v2\/product\/29196","targetHints":{"allow":["GET"]}}],"collection":[{"href":"https:\/\/fifaa.ee\/en\/wp-json\/wp\/v2\/product"}],"about":[{"href":"https:\/\/fifaa.ee\/en\/wp-json\/wp\/v2\/types\/product"}],"wp:featuredmedia":[{"embeddable":true,"href":"https:\/\/fifaa.ee\/en\/wp-json\/wp\/v2\/media\/29219"}],"wp:attachment":[{"href":"https:\/\/fifaa.ee\/en\/wp-json\/wp\/v2\/media?parent=29196"}],"wp:term":[{"taxonomy":"product_brand","embeddable":true,"href":"https:\/\/fifaa.ee\/en\/wp-json\/wp\/v2\/product_brand?post=29196"},{"taxonomy":"product_cat","embeddable":true,"href":"https:\/\/fifaa.ee\/en\/wp-json\/wp\/v2\/product_cat?post=29196"},{"taxonomy":"product_tag","embeddable":true,"href":"https:\/\/fifaa.ee\/en\/wp-json\/wp\/v2\/product_tag?post=29196"}],"curies":[{"name":"wp","href":"https:\/\/api.w.org\/{rel}","templated":true}]}}