{"id":29198,"date":"2025-01-28T15:59:30","date_gmt":"2025-01-28T13:59:30","guid":{"rendered":"https:\/\/fifaa.ee\/?post_type=product&#038;p=29198"},"modified":"2026-04-01T16:09:47","modified_gmt":"2026-04-01T13:09:47","slug":"terra-rcs-taaskasutatud-alumiiniumist-10-w-juhtmevaba-laadija","status":"publish","type":"product","link":"https:\/\/fifaa.ee\/en\/product\/terra-rcs-taaskasutatud-alumiiniumist-10-w-juhtmevaba-laadija\/","title":{"rendered":"Terra RCS recycled aluminum 10W wireless charger"},"content":{"rendered":"<p>Aluminum 10W wireless fast charger made from RCS (Recycled Claim Standard) certified recycled aluminum, ABS and TPE. Total recycled content: 75% of the total weight of the item. RCS certification ensures a fully certified supply chain of recycled materials. Aluminum does not lose its properties during recycling and can be recycled indefinitely. Includes 120 cm Type-C charging cable made from RCS certified recycled aluminum, TPE and PET. Packed in FSC\u00ae mixed packaging. Input 9V\/2A Output: 9V\/1.1A.<\/p>","protected":false},"excerpt":{"rendered":"<p>Alumiiniumist 10 W juhtmevaba kiirlaadija, mis on valmistatud RCS (Recycled Claim Standard) sertifitseeritud taaskasutatud alumiiniumist, ABS-ist ja TPE-st. Taaskasutatud kogusisaldus: 75% eseme kogukaalust. RCS-sertifikaat tagab taaskasutatud materjalide t\u00e4ielikult sertifitseeritud tarneahela. Alumiinium ei kaota ringlussev\u00f5tu k\u00e4igus oma omadusi ja seda saab ringlusse v\u00f5tta l\u00f5putult. Sisaldab 120 cm C-t\u00fc\u00fcpi laadimiskaablit, mis on valmistatud RCS-sertifikaadiga taaskasutatud alumiiniumist, TPE-st [&hellip;]<\/p>\n","protected":false},"featured_media":29225,"template":"","meta":{"_acf_changed":false},"product_brand":[],"product_cat":[589,647],"product_tag":[],"class_list":{"0":"post-29198","1":"product","2":"type-product","3":"status-publish","4":"has-post-thumbnail","6":"product_cat-elektroonika","7":"product_cat-juhtmevabad-laadijad","8":"pa_varv-hall","10":"first","11":"instock","12":"taxable","13":"shipping-taxable","14":"purchasable","15":"product-type-variable","16":"has-default-attributes"},"acf":[],"_links":{"self":[{"href":"https:\/\/fifaa.ee\/en\/wp-json\/wp\/v2\/product\/29198","targetHints":{"allow":["GET"]}}],"collection":[{"href":"https:\/\/fifaa.ee\/en\/wp-json\/wp\/v2\/product"}],"about":[{"href":"https:\/\/fifaa.ee\/en\/wp-json\/wp\/v2\/types\/product"}],"wp:featuredmedia":[{"embeddable":true,"href":"https:\/\/fifaa.ee\/en\/wp-json\/wp\/v2\/media\/29225"}],"wp:attachment":[{"href":"https:\/\/fifaa.ee\/en\/wp-json\/wp\/v2\/media?parent=29198"}],"wp:term":[{"taxonomy":"product_brand","embeddable":true,"href":"https:\/\/fifaa.ee\/en\/wp-json\/wp\/v2\/product_brand?post=29198"},{"taxonomy":"product_cat","embeddable":true,"href":"https:\/\/fifaa.ee\/en\/wp-json\/wp\/v2\/product_cat?post=29198"},{"taxonomy":"product_tag","embeddable":true,"href":"https:\/\/fifaa.ee\/en\/wp-json\/wp\/v2\/product_tag?post=29198"}],"curies":[{"name":"wp","href":"https:\/\/api.w.org\/{rel}","templated":true}]}}