{"id":29242,"date":"2025-01-28T15:59:53","date_gmt":"2025-01-28T13:59:53","guid":{"rendered":"https:\/\/fifaa.ee\/?post_type=product&#038;p=29242"},"modified":"2026-04-01T16:10:32","modified_gmt":"2026-04-01T13:10:32","slug":"ontario-rcs-rplastic-15w-magnetlaadimine-2-in-1-alus","status":"publish","type":"product","link":"https:\/\/fifaa.ee\/en\/product\/ontario-rcs-rplastic-15w-magnetlaadimine-2-in-1-alus\/","title":{"rendered":"Ontario RCS rplastic 15W magnetic charging 2 in 1 stand"},"content":{"rendered":"<p>15W 2-in-1 fast charger with magnetic charging, made from RCS (Recycled Claim Standard) certified recycled ABS. Total recycled content: 30% of the total weight of the item. RCS certification ensures a fully certified supply chain of recycled materials. Bamboo wireless charging pad made from FSC 100% bamboo. With a magnetic 15W charger and one 5W charger for other wirelessly charged items (e.g. headphones). With one USB A port for charging items via cable. Product and accessories PVC-free. Including 120cm Type-C charging cable made from RCS certified recycled TPE. Packed in FSC mix kraft box. 9V\/3A; W: 9V\/1.1A; 9V\/1.67 A\/(15W), headphones: 5V\/1A (5W), USB output 5V\/2.1A. PVC free.<\/p>","protected":false},"excerpt":{"rendered":"<p>15 W 2-\u00fches kiirlaadija magnetlaadimisega, mis on valmistatud RCS-i (Recycled Claim Standard) sertifitseeritud taaskasutatud ABS-iga. Taaskasutatud kogusisaldus: 30% eseme kogukaalust. RCS-sertifikaat tagab taaskasutatud materjalide t\u00e4ielikult sertifitseeritud tarneahela. Bambusest juhtmevaba laadimisala, mis on valmistatud FSC 100% bambusest. Magnetilise 15 W laadija ja \u00fche 5 W laadijaga muude juhtmevabalt laetavate esemete (nt k\u00f5rvaklapid) jaoks. \u00dche USB A-pordiga [&hellip;]<\/p>\n","protected":false},"featured_media":29267,"template":"","meta":{"_acf_changed":false},"product_brand":[],"product_cat":[589,647],"product_tag":[],"class_list":{"0":"post-29242","1":"product","2":"type-product","3":"status-publish","4":"has-post-thumbnail","6":"product_cat-elektroonika","7":"product_cat-juhtmevabad-laadijad","8":"pa_varv-valge-new","10":"first","11":"instock","12":"taxable","13":"shipping-taxable","14":"purchasable","15":"product-type-variable","16":"has-default-attributes"},"acf":[],"_links":{"self":[{"href":"https:\/\/fifaa.ee\/en\/wp-json\/wp\/v2\/product\/29242","targetHints":{"allow":["GET"]}}],"collection":[{"href":"https:\/\/fifaa.ee\/en\/wp-json\/wp\/v2\/product"}],"about":[{"href":"https:\/\/fifaa.ee\/en\/wp-json\/wp\/v2\/types\/product"}],"wp:featuredmedia":[{"embeddable":true,"href":"https:\/\/fifaa.ee\/en\/wp-json\/wp\/v2\/media\/29267"}],"wp:attachment":[{"href":"https:\/\/fifaa.ee\/en\/wp-json\/wp\/v2\/media?parent=29242"}],"wp:term":[{"taxonomy":"product_brand","embeddable":true,"href":"https:\/\/fifaa.ee\/en\/wp-json\/wp\/v2\/product_brand?post=29242"},{"taxonomy":"product_cat","embeddable":true,"href":"https:\/\/fifaa.ee\/en\/wp-json\/wp\/v2\/product_cat?post=29242"},{"taxonomy":"product_tag","embeddable":true,"href":"https:\/\/fifaa.ee\/en\/wp-json\/wp\/v2\/product_tag?post=29242"}],"curies":[{"name":"wp","href":"https:\/\/api.w.org\/{rel}","templated":true}]}}