{"id":29243,"date":"2025-01-28T15:59:53","date_gmt":"2025-01-28T13:59:53","guid":{"rendered":"https:\/\/fifaa.ee\/?post_type=product&#038;p=29243"},"modified":"2026-04-01T16:10:32","modified_gmt":"2026-04-01T13:10:32","slug":"magnapad-15w-rcs-rplastist-magnetiline-3-in-1-laadimisalus","status":"publish","type":"product","link":"https:\/\/fifaa.ee\/en\/product\/magnapad-15w-rcs-rplastist-magnetiline-3-in-1-laadimisalus\/","title":{"rendered":"Magnapad 15W RCS rplastic magnetic 3 in 1 charging pad"},"content":{"rendered":"<p>Uniquely designed 15W magnetic wireless charger that allows you to charge your mobile device, headphones or iWatch. Simply click on them and start charging. Made from recycled ABS and recycled TPE. Total recycled content: 35% of the total weight of the item. RCS certification ensures a fully certified supply chain of recycled materials. Includes 120cm USB A to USB C charging cable made from RCS certified recycled TPE. Packed in FSC\u00ae packaging. PVC free. Output 9V.2.2A Output clock: 9V\/0.4A, Output headphones: 9V\/0.5A. Input 9V\/3A.<\/p>","protected":false},"excerpt":{"rendered":"<p>Unikaalse disainiga 15 W magnetiline juhtmevaba laadija, mis annab v\u00f5imaluse laadida kas oma mobiilseadet, k\u00f5rvaklappe v\u00f5i iWatchi. Lihtsalt kl\u00f5psake neil ja alustage laadimist. Valmistatud ringlussev\u00f5etud ABS-st ja taaskasutatud TPE-st. Taaskasutatud kogusisaldus: 35% eseme kogukaalust. RCS-sertifikaat tagab taaskasutatud materjalide t\u00e4ielikult sertifitseeritud tarneahela. Sisaldab 120 cm USB A\u2013USB C laadimiskaablit, mis on valmistatud RCS-sertifikaadiga taaskasutatud TPE-st. Pakitud [&hellip;]<\/p>\n","protected":false},"featured_media":29269,"template":"","meta":{"_acf_changed":false},"product_brand":[],"product_cat":[589,647],"product_tag":[659],"class_list":{"0":"post-29243","1":"product","2":"type-product","3":"status-publish","4":"has-post-thumbnail","6":"product_cat-elektroonika","7":"product_cat-juhtmevabad-laadijad","8":"product_tag-more-colors","9":"pa_varv-must","10":"pa_varv-valge-new","12":"first","13":"instock","14":"taxable","15":"shipping-taxable","16":"purchasable","17":"product-type-variable","18":"has-default-attributes"},"acf":[],"_links":{"self":[{"href":"https:\/\/fifaa.ee\/en\/wp-json\/wp\/v2\/product\/29243","targetHints":{"allow":["GET"]}}],"collection":[{"href":"https:\/\/fifaa.ee\/en\/wp-json\/wp\/v2\/product"}],"about":[{"href":"https:\/\/fifaa.ee\/en\/wp-json\/wp\/v2\/types\/product"}],"wp:featuredmedia":[{"embeddable":true,"href":"https:\/\/fifaa.ee\/en\/wp-json\/wp\/v2\/media\/29269"}],"wp:attachment":[{"href":"https:\/\/fifaa.ee\/en\/wp-json\/wp\/v2\/media?parent=29243"}],"wp:term":[{"taxonomy":"product_brand","embeddable":true,"href":"https:\/\/fifaa.ee\/en\/wp-json\/wp\/v2\/product_brand?post=29243"},{"taxonomy":"product_cat","embeddable":true,"href":"https:\/\/fifaa.ee\/en\/wp-json\/wp\/v2\/product_cat?post=29243"},{"taxonomy":"product_tag","embeddable":true,"href":"https:\/\/fifaa.ee\/en\/wp-json\/wp\/v2\/product_tag?post=29243"}],"curies":[{"name":"wp","href":"https:\/\/api.w.org\/{rel}","templated":true}]}}