{"id":29279,"date":"2025-01-28T16:00:10","date_gmt":"2025-01-28T14:00:10","guid":{"rendered":"https:\/\/fifaa.ee\/?post_type=product&#038;p=29279"},"modified":"2026-04-01T16:10:54","modified_gmt":"2026-04-01T13:10:54","slug":"swiss-peak-rcs-taaskasutatud-reisikott-kolm-uhes-laadijaga","status":"publish","type":"product","link":"https:\/\/fifaa.ee\/en\/product\/swiss-peak-rcs-taaskasutatud-reisikott-kolm-uhes-laadijaga\/","title":{"rendered":"Swiss Peak RCS recycled travel case with 3 in 1 charger"},"content":{"rendered":"<p>Hard shell travel case with integrated 3-in-1 wireless charger made from RCS recycled PU Total recycled content: 5% of the total weight of the item. RCS certification ensures a fully certified supply chain of recycled materials. The travel case has storage space for a passport, multiple cards and an integrated cable holder. The travel case is equipped with a magnetic 15W wireless charger and an additional 5W wireless charger suitable for headphones or other small wirelessly charged devices and a 2.5W wireless charger for smartwatches (Apple watches only). Ideal for carrying all your valuables and charging all your devices. There is also a small magnetic wallet inside that can be removed. Includes a 120cm TPE cable. Packed in FSC\u00ae mixed packaging. Product and accessories 100% PVC-free. Minimum input: 9V\/3A for optimal use. Output: Phone: 9V\/1.1A; 9V\/1.67 A\/(15W), Headphones: 5V\/1A (5W), Watch: 5V\/0.5A.<\/p>","protected":false},"excerpt":{"rendered":"<p>K\u00f5va kestaga reisikott integreeritud kolm-\u00fches juhtmevaba laadijaga, mis on valmistatud RCS-i taaskasutatud PU-st Kogu taaskasutatud sisaldus: 5% eseme kogukaalust. RCS-sertifikaat tagab taaskasutatud materjalide t\u00e4ielikult sertifitseeritud tarneahela. Reisikohvris on hoiuruum passi, mitme kaardi jaoks ja integreeritud kaablihoidik. Reisikohver on varustatud magnetilise 15 W juhtmevaba laadija ja t\u00e4iendava 5 W juhtmevaba laadijaga, mis sobib k\u00f5rvaklappide v\u00f5i muude [&hellip;]<\/p>\n","protected":false},"featured_media":29293,"template":"","meta":{"_acf_changed":false},"product_brand":[],"product_cat":[589,647],"product_tag":[],"class_list":{"0":"post-29279","1":"product","2":"type-product","3":"status-publish","4":"has-post-thumbnail","6":"product_cat-elektroonika","7":"product_cat-juhtmevabad-laadijad","8":"pa_varv-must","10":"first","11":"instock","12":"taxable","13":"shipping-taxable","14":"purchasable","15":"product-type-variable","16":"has-default-attributes"},"acf":[],"_links":{"self":[{"href":"https:\/\/fifaa.ee\/en\/wp-json\/wp\/v2\/product\/29279","targetHints":{"allow":["GET"]}}],"collection":[{"href":"https:\/\/fifaa.ee\/en\/wp-json\/wp\/v2\/product"}],"about":[{"href":"https:\/\/fifaa.ee\/en\/wp-json\/wp\/v2\/types\/product"}],"wp:featuredmedia":[{"embeddable":true,"href":"https:\/\/fifaa.ee\/en\/wp-json\/wp\/v2\/media\/29293"}],"wp:attachment":[{"href":"https:\/\/fifaa.ee\/en\/wp-json\/wp\/v2\/media?parent=29279"}],"wp:term":[{"taxonomy":"product_brand","embeddable":true,"href":"https:\/\/fifaa.ee\/en\/wp-json\/wp\/v2\/product_brand?post=29279"},{"taxonomy":"product_cat","embeddable":true,"href":"https:\/\/fifaa.ee\/en\/wp-json\/wp\/v2\/product_cat?post=29279"},{"taxonomy":"product_tag","embeddable":true,"href":"https:\/\/fifaa.ee\/en\/wp-json\/wp\/v2\/product_tag?post=29279"}],"curies":[{"name":"wp","href":"https:\/\/api.w.org\/{rel}","templated":true}]}}