{"id":29281,"date":"2025-01-28T16:00:10","date_gmt":"2025-01-28T14:00:10","guid":{"rendered":"https:\/\/fifaa.ee\/?post_type=product&#038;p=29281"},"modified":"2026-04-01T16:11:16","modified_gmt":"2026-04-01T13:11:16","slug":"urban-vitamin-torrance-3-in-1-magnetiline-15-w-laadija","status":"publish","type":"product","link":"https:\/\/fifaa.ee\/en\/product\/urban-vitamin-torrance-3-in-1-magnetiline-15-w-laadija\/","title":{"rendered":"Urban Vitamin Torrance 3 in 1 magnetic 15W charger"},"content":{"rendered":"<p>Want to charge all your devices at once at full speed? Torrance has you covered with its super-fast 15W magnetic charger. The wireless charger can be used as a stand or flat. Use it as a stand to charge phones with magnetic charging or use it flat for any other mobile phone. Use the medium 5W charging pad to charge another phone or headphones. Plus, use the watch charger to charge the latest generations of iWatch. The Torrance comes with a 120cm recycled TPE cable that is easy to install on your desk or nightstand. Simply connect it to a fast charging power source (minimum 9V\/2A) to get started. The Torrance is made from RCS (Recycled Claim Standard) certified recycled ABS. Total recycled content: 37% of the total weight of the item. Urban Vitamin products are made without PVC and packaged in reduced plastic packaging<\/p>","protected":false},"excerpt":{"rendered":"<p>Kas soovite laadida k\u00f5iki seadmeid korraga t\u00e4iskiirusel? Torrance on teid kaitsnud oma \u00fclikiire 15 W magnetlaadijaga. Juhtmeta laadijat saab kasutada nii alusena kui ka tasapinnalisena. Kasutage seda alusena magnetlaadimisega telefonide laadimiseks v\u00f5i kasutage seda lamedalt mis tahes muu mobiiltelefoni jaoks. Kasutage teise telefoni v\u00f5i k\u00f5rvaklappide laadimiseks keskmist 5 W laadimispatja. Lisaks kasutage iWatchi uusimate p\u00f5lvkondade [&hellip;]<\/p>\n","protected":false},"featured_media":29297,"template":"","meta":{"_acf_changed":false},"product_brand":[],"product_cat":[589,647],"product_tag":[],"class_list":{"0":"post-29281","1":"product","2":"type-product","3":"status-publish","4":"has-post-thumbnail","6":"product_cat-elektroonika","7":"product_cat-juhtmevabad-laadijad","8":"pa_varv-must","10":"first","11":"instock","12":"taxable","13":"shipping-taxable","14":"purchasable","15":"product-type-variable","16":"has-default-attributes"},"acf":[],"_links":{"self":[{"href":"https:\/\/fifaa.ee\/en\/wp-json\/wp\/v2\/product\/29281","targetHints":{"allow":["GET"]}}],"collection":[{"href":"https:\/\/fifaa.ee\/en\/wp-json\/wp\/v2\/product"}],"about":[{"href":"https:\/\/fifaa.ee\/en\/wp-json\/wp\/v2\/types\/product"}],"wp:featuredmedia":[{"embeddable":true,"href":"https:\/\/fifaa.ee\/en\/wp-json\/wp\/v2\/media\/29297"}],"wp:attachment":[{"href":"https:\/\/fifaa.ee\/en\/wp-json\/wp\/v2\/media?parent=29281"}],"wp:term":[{"taxonomy":"product_brand","embeddable":true,"href":"https:\/\/fifaa.ee\/en\/wp-json\/wp\/v2\/product_brand?post=29281"},{"taxonomy":"product_cat","embeddable":true,"href":"https:\/\/fifaa.ee\/en\/wp-json\/wp\/v2\/product_cat?post=29281"},{"taxonomy":"product_tag","embeddable":true,"href":"https:\/\/fifaa.ee\/en\/wp-json\/wp\/v2\/product_tag?post=29281"}],"curies":[{"name":"wp","href":"https:\/\/api.w.org\/{rel}","templated":true}]}}