{"id":29287,"date":"2025-01-28T16:00:11","date_gmt":"2025-01-28T14:00:11","guid":{"rendered":"https:\/\/fifaa.ee\/?post_type=product&#038;p=29287"},"modified":"2026-04-01T16:11:16","modified_gmt":"2026-04-01T13:11:16","slug":"5000-mah-taskuvoimsuspank-integreeritud-kaablitega","status":"publish","type":"product","link":"https:\/\/fifaa.ee\/en\/product\/5000-mah-taskuvoimsuspank-integreeritud-kaablitega\/","title":{"rendered":"5.000 mAh Pocket Powerbank with integrated cables"},"content":{"rendered":"<p>Compact and flat ABS 5000 mAh power bank, easy to take with you anywhere. With integrated 3-in-1 TPE cables, the power bank is compatible with all mobile devices on the market and is ready to use straight away. When fully charged, it gives you enough energy to charge your mobile phone up to two times. The power bank contains a long-lasting A-grade 5000 mAh high-density lithium polymer battery. Power indicators show the remaining power level, so you always know when to charge. Input: 5V\/2A Output 5V\/2A.<\/p>","protected":false},"excerpt":{"rendered":"<p>Kompaktne ja lame ABS-ist valmistatud 5000 mAh akupank, mida on lihtne k\u00f5ikjale kaasa v\u00f5tta. Integreeritud 3-\u00fches TPE-kaablitega \u00fchildub toitepank k\u00f5igi turul olevate mobiilseadmetega ja on otse kasutusvalmis. T\u00e4ielikult laetuna annab see teile piisavalt energiat mobiiltelefoni kuni kaks korda laadimiseks. Akupank sisaldab kauakestvat A-klassi 5000 mAh suure tihedusega liitiumpol\u00fcmeerakut. Toiteindikaatorid n\u00e4itavad j\u00e4relej\u00e4\u00e4nud energiataset, nii et teate [&hellip;]<\/p>\n","protected":false},"featured_media":29309,"template":"","meta":{"_acf_changed":false},"product_brand":[],"product_cat":[590,589],"product_tag":[659],"class_list":{"0":"post-29287","1":"product","2":"type-product","3":"status-publish","4":"has-post-thumbnail","6":"product_cat-akupangad","7":"product_cat-elektroonika","8":"product_tag-more-colors","9":"pa_varv-must","10":"pa_varv-valge-new","12":"first","13":"instock","14":"taxable","15":"shipping-taxable","16":"purchasable","17":"product-type-variable","18":"has-default-attributes"},"acf":[],"_links":{"self":[{"href":"https:\/\/fifaa.ee\/en\/wp-json\/wp\/v2\/product\/29287","targetHints":{"allow":["GET"]}}],"collection":[{"href":"https:\/\/fifaa.ee\/en\/wp-json\/wp\/v2\/product"}],"about":[{"href":"https:\/\/fifaa.ee\/en\/wp-json\/wp\/v2\/types\/product"}],"wp:featuredmedia":[{"embeddable":true,"href":"https:\/\/fifaa.ee\/en\/wp-json\/wp\/v2\/media\/29309"}],"wp:attachment":[{"href":"https:\/\/fifaa.ee\/en\/wp-json\/wp\/v2\/media?parent=29287"}],"wp:term":[{"taxonomy":"product_brand","embeddable":true,"href":"https:\/\/fifaa.ee\/en\/wp-json\/wp\/v2\/product_brand?post=29287"},{"taxonomy":"product_cat","embeddable":true,"href":"https:\/\/fifaa.ee\/en\/wp-json\/wp\/v2\/product_cat?post=29287"},{"taxonomy":"product_tag","embeddable":true,"href":"https:\/\/fifaa.ee\/en\/wp-json\/wp\/v2\/product_tag?post=29287"}],"curies":[{"name":"wp","href":"https:\/\/api.w.org\/{rel}","templated":true}]}}