{"id":29324,"date":"2025-01-28T16:00:27","date_gmt":"2025-01-28T14:00:27","guid":{"rendered":"https:\/\/fifaa.ee\/product\/alumiiniumist-18-w-10-000-mah-pd-powerbank\/"},"modified":"2026-04-01T16:11:38","modified_gmt":"2026-04-01T13:11:38","slug":"alumiiniumist-18-w-10-000-mah-pd-powerbank","status":"publish","type":"product","link":"https:\/\/fifaa.ee\/en\/product\/alumiiniumist-18-w-10-000-mah-pd-powerbank\/","title":{"rendered":"Aluminum 18W 10,000 mAh PD Powerbank"},"content":{"rendered":"<p>Charge all your mobile devices at the fastest possible charging speed. This aluminum 18W PD power bank features a super-fast Type-C output and a QC 3.0 USB A output. The product has a 10000mAh Class A lithium polymer battery that can charge your device up to 5 times. With battery indicator lights to show the remaining power level. Micro USB input 5V\/2A; Type-C input 5V\/3A, 9V\/2A, 12V\/1.5A; USB output 5V\/2.1A; QC 3.0 output 5V\/3A,9V\/2A,12V\/1.5A; Type-C output 5V\/3A,9V\/2A,12V\/1.5A max 18W (PD 3.0) ;USB-A output: 5V\/3A,9V\/2A,12V\/1.5A max 18W (PD 3.0) Including PVC-free TPE material micro charging cable.<\/p>","protected":false},"excerpt":{"rendered":"<p>Laadige k\u00f5iki oma mobiilseadmeid v\u00f5imalikult kiire laadimiskiirusega. Sellel alumiiniumist 18 W PD-toitepangal on \u00fclikiire C-t\u00fc\u00fcpi v\u00e4ljund ja QC 3.0 USB A v\u00e4ljund. Tootel on 10000 mAh A-klassi liitiumpol\u00fcmeeraku, millega saab seadet laadida kuni 5 korda. Aku indikaatortuledega, mis n\u00e4itavad j\u00e4relej\u00e4\u00e4nud energiataset. Micro USB sisend 5V\/2A; Type-C sisend 5V\/3A, 9V\/2A, 12V\/1,5A; USB v\u00e4ljund 5V\/2.1A; QC 3.0 [&hellip;]<\/p>\n","protected":false},"featured_media":29323,"template":"","meta":{"_acf_changed":false},"product_brand":[],"product_cat":[590,589],"product_tag":[659],"class_list":{"0":"post-29324","1":"product","2":"type-product","3":"status-publish","4":"has-post-thumbnail","6":"product_cat-akupangad","7":"product_cat-elektroonika","8":"product_tag-more-colors","9":"pa_varv-must","11":"first","12":"instock","13":"taxable","14":"shipping-taxable","15":"purchasable","16":"product-type-variable","17":"has-default-attributes"},"acf":[],"_links":{"self":[{"href":"https:\/\/fifaa.ee\/en\/wp-json\/wp\/v2\/product\/29324","targetHints":{"allow":["GET"]}}],"collection":[{"href":"https:\/\/fifaa.ee\/en\/wp-json\/wp\/v2\/product"}],"about":[{"href":"https:\/\/fifaa.ee\/en\/wp-json\/wp\/v2\/types\/product"}],"wp:featuredmedia":[{"embeddable":true,"href":"https:\/\/fifaa.ee\/en\/wp-json\/wp\/v2\/media\/29323"}],"wp:attachment":[{"href":"https:\/\/fifaa.ee\/en\/wp-json\/wp\/v2\/media?parent=29324"}],"wp:term":[{"taxonomy":"product_brand","embeddable":true,"href":"https:\/\/fifaa.ee\/en\/wp-json\/wp\/v2\/product_brand?post=29324"},{"taxonomy":"product_cat","embeddable":true,"href":"https:\/\/fifaa.ee\/en\/wp-json\/wp\/v2\/product_cat?post=29324"},{"taxonomy":"product_tag","embeddable":true,"href":"https:\/\/fifaa.ee\/en\/wp-json\/wp\/v2\/product_tag?post=29324"}],"curies":[{"name":"wp","href":"https:\/\/api.w.org\/{rel}","templated":true}]}}