{"id":29327,"date":"2025-01-28T16:00:28","date_gmt":"2025-01-28T14:00:28","guid":{"rendered":"https:\/\/fifaa.ee\/?post_type=product&#038;p=29327"},"modified":"2026-04-01T16:11:38","modified_gmt":"2026-04-01T13:11:38","slug":"magnetiline-5000-mah-5w-juhtmevaba-akupank","status":"publish","type":"product","link":"https:\/\/fifaa.ee\/en\/product\/magnetiline-5000-mah-5w-juhtmevaba-akupank\/","title":{"rendered":"Magnetic 5.000 mAh 5W wireless powerbank"},"content":{"rendered":"<p>To charge your device, attach this magnetic wireless charging battery to the back of your iPhone 12. The magnets are perfectly aligned to ensure that your phone is always in the correct charging position. The 5W wireless charger is compatible with all QI devices (iPhone 8 and above and Android devices), so it can also be used as a regular wireless battery bank on other phones. For charging via cable, the power bank offers one USB output (2A). 35 cm TPE Type-C cable included. Product and accessories PVC-free. Type-C input 5V\/2A; USB output: 5V\/2A; Wireless output 5V\/1A 5W; Integrated 17 pcs of high-quality N52H heat-resistant magnets.<\/p>","protected":false},"excerpt":{"rendered":"<p>Seadme laadimiseks kinnitage see magnetiline juhtmevaba laadimise aku oma iPhone 12 tagak\u00fcljele. Magnetid on ideaalselt joondatud, et tagada alati teie telefoni \u00f5ige laadimisasend. 5W juhtmevaba laadija \u00fchildub k\u00f5igi QI seadmetega (Iphone 8 ja uuemad ning Android seadmed), seega saab seda kasutada ka teistel telefonidel tavalise juhtmevaba akupangana. Kaabli kaudu laadimiseks pakub toitepank \u00fchte USB-v\u00e4ljundit (2A) [&hellip;]<\/p>\n","protected":false},"featured_media":29346,"template":"","meta":{"_acf_changed":false},"product_brand":[],"product_cat":[590,589],"product_tag":[],"class_list":{"0":"post-29327","1":"product","2":"type-product","3":"status-publish","4":"has-post-thumbnail","6":"product_cat-akupangad","7":"product_cat-elektroonika","8":"pa_varv-must","10":"first","11":"instock","12":"taxable","13":"shipping-taxable","14":"purchasable","15":"product-type-variable","16":"has-default-attributes"},"acf":[],"_links":{"self":[{"href":"https:\/\/fifaa.ee\/en\/wp-json\/wp\/v2\/product\/29327","targetHints":{"allow":["GET"]}}],"collection":[{"href":"https:\/\/fifaa.ee\/en\/wp-json\/wp\/v2\/product"}],"about":[{"href":"https:\/\/fifaa.ee\/en\/wp-json\/wp\/v2\/types\/product"}],"wp:featuredmedia":[{"embeddable":true,"href":"https:\/\/fifaa.ee\/en\/wp-json\/wp\/v2\/media\/29346"}],"wp:attachment":[{"href":"https:\/\/fifaa.ee\/en\/wp-json\/wp\/v2\/media?parent=29327"}],"wp:term":[{"taxonomy":"product_brand","embeddable":true,"href":"https:\/\/fifaa.ee\/en\/wp-json\/wp\/v2\/product_brand?post=29327"},{"taxonomy":"product_cat","embeddable":true,"href":"https:\/\/fifaa.ee\/en\/wp-json\/wp\/v2\/product_cat?post=29327"},{"taxonomy":"product_tag","embeddable":true,"href":"https:\/\/fifaa.ee\/en\/wp-json\/wp\/v2\/product_tag?post=29327"}],"curies":[{"name":"wp","href":"https:\/\/api.w.org\/{rel}","templated":true}]}}