{"id":29328,"date":"2025-01-28T16:00:28","date_gmt":"2025-01-28T14:00:28","guid":{"rendered":"https:\/\/fifaa.ee\/?post_type=product&#038;p=29328"},"modified":"2026-04-01T16:12:07","modified_gmt":"2026-04-01T13:12:07","slug":"10-000-mah-nisuolgedest-joupank","status":"publish","type":"product","link":"https:\/\/fifaa.ee\/en\/product\/10-000-mah-nisuolgedest-joupank\/","title":{"rendered":"10.000 mah wheat straw power bank"},"content":{"rendered":"<p>Ultra-flat 10,000 mAh power bank made of natural wheat fiber (35%) mixed with ABS. When fully charged, it gives you enough energy to charge your mobile phone up to four times. The power bank contains a long-lasting A-grade 10,000 mAh high-density lithium polymer battery. With two USB ports, including a Type-C output for all new mobile phones. Power indicators show the remaining power level, so you always know when to charge. Including a micro-USB TPE material cable for charging. Micro USB input 5V\/2A; Type-C input 5V\/2A; USB output 5V\/3A; Type-C output 5V\/2A; Product and accessories PVC-free.<\/p>","protected":false},"excerpt":{"rendered":"<p>\u00dclimalt lame 10 000 mAh akupank, mis on valmistatud naturaalsest nisukiust (35%), mis on segatud ABS-iga. T\u00e4ielikult laetuna annab see teile piisavalt energiat mobiiltelefoni kuni neli korda laadimiseks. Akupank sisaldab kauakestvat A-klassi 10 000 mAh suure tihedusega liitiumpol\u00fcmeerakut. Kahe USB-pordiga, mis sisaldab C-t\u00fc\u00fcpi v\u00e4ljundit k\u00f5igi uute mobiiltelefonide jaoks. Toiteindikaatorid n\u00e4itavad j\u00e4relej\u00e4\u00e4nud energiataset, nii et teate [&hellip;]<\/p>\n","protected":false},"featured_media":29348,"template":"","meta":{"_acf_changed":false},"product_brand":[],"product_cat":[590,589],"product_tag":[],"class_list":{"0":"post-29328","1":"product","2":"type-product","3":"status-publish","4":"has-post-thumbnail","6":"product_cat-akupangad","7":"product_cat-elektroonika","8":"pa_varv-kollane","9":"pa_varv-roheline","11":"first","12":"instock","13":"taxable","14":"shipping-taxable","15":"purchasable","16":"product-type-variable","17":"has-default-attributes"},"acf":[],"_links":{"self":[{"href":"https:\/\/fifaa.ee\/en\/wp-json\/wp\/v2\/product\/29328","targetHints":{"allow":["GET"]}}],"collection":[{"href":"https:\/\/fifaa.ee\/en\/wp-json\/wp\/v2\/product"}],"about":[{"href":"https:\/\/fifaa.ee\/en\/wp-json\/wp\/v2\/types\/product"}],"wp:featuredmedia":[{"embeddable":true,"href":"https:\/\/fifaa.ee\/en\/wp-json\/wp\/v2\/media\/29348"}],"wp:attachment":[{"href":"https:\/\/fifaa.ee\/en\/wp-json\/wp\/v2\/media?parent=29328"}],"wp:term":[{"taxonomy":"product_brand","embeddable":true,"href":"https:\/\/fifaa.ee\/en\/wp-json\/wp\/v2\/product_brand?post=29328"},{"taxonomy":"product_cat","embeddable":true,"href":"https:\/\/fifaa.ee\/en\/wp-json\/wp\/v2\/product_cat?post=29328"},{"taxonomy":"product_tag","embeddable":true,"href":"https:\/\/fifaa.ee\/en\/wp-json\/wp\/v2\/product_tag?post=29328"}],"curies":[{"name":"wp","href":"https:\/\/api.w.org\/{rel}","templated":true}]}}