{"id":29333,"date":"2025-01-28T16:00:29","date_gmt":"2025-01-28T14:00:29","guid":{"rendered":"https:\/\/fifaa.ee\/?post_type=product&#038;p=29333"},"modified":"2025-11-21T10:09:03","modified_gmt":"2025-11-21T08:09:03","slug":"skywave-rcs-taaskasutatud-plastist-paikeseenergiapank-10000-mah","status":"publish","type":"product","link":"https:\/\/fifaa.ee\/en\/product\/skywave-rcs-taaskasutatud-plastist-paikeseenergiapank-10000-mah\/","title":{"rendered":"Skywave RCS recycled plastic solar power bank 10000 mAh"},"content":{"rendered":"<p>10,000 mAh solar battery made from RCS-certified recycled ABS. Total recycled content: 18% of the total weight of the item. RCS certification ensures a fully certified supply chain of recycled materials. The powerbank uses high-quality monocrystalline solar panels with a conversion rate of 19%. The charge rate depends on the conditions. Integrated stand function for using the solar panels at the optimal angle. The power bank contains a long-lasting 10,000 mAh class A lithium battery. Solar charging rate: 5V\/200mA. Input Type C: 5V\/2A. Output: USB A: 5V\/2A Type C: 5V\/2A. Product and accessories PVC-free. RCS-certified recycled TPE charging cable included. Packed in FSC\u00ae mixed packaging. Registered design\u00ae<\/p>","protected":false},"excerpt":{"rendered":"<p>10 000 mAh p\u00e4ikesepatarei, mis on valmistatud RCS-sertifikaadiga taaskasutatud ABS-ist. Taaskasutatud kogusisaldus: 18% eseme kogukaalust. RCS-sertifikaat tagab taaskasutatud materjalide t\u00e4ielikult sertifitseeritud tarneahela. Powerbank kasutab kvaliteetseid monokristallilisi p\u00e4ikesepaneele, mille konversioonim\u00e4\u00e4r on 19%. Tasu m\u00e4\u00e4r s\u00f5ltub tingimustest. Integreeritud statiivifunktsiooniga p\u00e4ikesepaneelide kasutamiseks optimaalse nurga all. Akupank sisaldab kauakestvat A-klassi 10 000 mAh liitiumakut. Laadimiskiirus p\u00e4ikeseenergia: 5V\/200mA. Sisendt\u00fc\u00fcp C: [&hellip;]<\/p>\n","protected":false},"featured_media":29358,"template":"","meta":{"_acf_changed":false},"product_brand":[],"product_cat":[590,589],"product_tag":[],"class_list":{"0":"post-29333","1":"product","2":"type-product","3":"status-publish","4":"has-post-thumbnail","6":"product_cat-akupangad","7":"product_cat-elektroonika","8":"pa_varv-must","10":"first","11":"instock","12":"taxable","13":"shipping-taxable","14":"purchasable","15":"product-type-variable","16":"has-default-attributes"},"acf":[],"_links":{"self":[{"href":"https:\/\/fifaa.ee\/en\/wp-json\/wp\/v2\/product\/29333","targetHints":{"allow":["GET"]}}],"collection":[{"href":"https:\/\/fifaa.ee\/en\/wp-json\/wp\/v2\/product"}],"about":[{"href":"https:\/\/fifaa.ee\/en\/wp-json\/wp\/v2\/types\/product"}],"wp:featuredmedia":[{"embeddable":true,"href":"https:\/\/fifaa.ee\/en\/wp-json\/wp\/v2\/media\/29358"}],"wp:attachment":[{"href":"https:\/\/fifaa.ee\/en\/wp-json\/wp\/v2\/media?parent=29333"}],"wp:term":[{"taxonomy":"product_brand","embeddable":true,"href":"https:\/\/fifaa.ee\/en\/wp-json\/wp\/v2\/product_brand?post=29333"},{"taxonomy":"product_cat","embeddable":true,"href":"https:\/\/fifaa.ee\/en\/wp-json\/wp\/v2\/product_cat?post=29333"},{"taxonomy":"product_tag","embeddable":true,"href":"https:\/\/fifaa.ee\/en\/wp-json\/wp\/v2\/product_tag?post=29333"}],"curies":[{"name":"wp","href":"https:\/\/api.w.org\/{rel}","templated":true}]}}