{"id":29334,"date":"2025-01-28T16:00:29","date_gmt":"2025-01-28T14:00:29","guid":{"rendered":"https:\/\/fifaa.ee\/?post_type=product&#038;p=29334"},"modified":"2026-04-01T16:12:07","modified_gmt":"2026-04-01T13:12:07","slug":"bambusest-8000-mah-5w-juhtmevaba-akupank","status":"publish","type":"product","link":"https:\/\/fifaa.ee\/en\/product\/bambusest-8000-mah-5w-juhtmevaba-akupank\/","title":{"rendered":"Bamboo 8,000 mAh 5W wireless power bank"},"content":{"rendered":"<p>8000 mAh power bank with a body made of 100% FSC\u00ae-certified bamboo. The power bank contains a long-lasting 8000 mAh lithium polymer battery. The power bank offers both wired and 5W wireless charging. Power indicators show the remaining power level, so you always know when to charge. Wireless charging is compatible with the latest generations of Android, iPhone 8 and above. Input micro and Type-C 5V\/2A; Output USB-A, micro USB and Type-C DC5V\/2A; Wireless charging output: 5V\/1A. Including a charging cable made of PVC-free recycled TPE material. ; Product and accessories 100% PVC-free. Packed in FSC\u00aemix packaging.<\/p>","protected":false},"excerpt":{"rendered":"<p>8000 mah akupank, mille korpus on valmistatud 100% FSC\u00ae-sertifikaadiga bambusest. Akupank sisaldab kauakestvat A-klassi 8000 mAh liitiumpol\u00fcmeerakut. Akupank pakub laadimist nii kaabli kaudu kui ka 5 W juhtmevaba laadimist. Toiteindikaatorid n\u00e4itavad j\u00e4relej\u00e4\u00e4nud energiataset, nii et teate alati, millal laadida. Juhtmeta laadimine \u00fchildub Androidi uusimate p\u00f5lvkondade, iPhone 8 ja uuemate versioonidega. Sisend mikro ja Type-C 5V\/2A; [&hellip;]<\/p>\n","protected":false},"featured_media":29360,"template":"","meta":{"_acf_changed":false},"product_brand":[],"product_cat":[590,589],"product_tag":[],"class_list":{"0":"post-29334","1":"product","2":"type-product","3":"status-publish","4":"has-post-thumbnail","6":"product_cat-akupangad","7":"product_cat-elektroonika","8":"pa_varv-pruun","10":"first","11":"instock","12":"taxable","13":"shipping-taxable","14":"purchasable","15":"product-type-variable","16":"has-default-attributes"},"acf":[],"_links":{"self":[{"href":"https:\/\/fifaa.ee\/en\/wp-json\/wp\/v2\/product\/29334","targetHints":{"allow":["GET"]}}],"collection":[{"href":"https:\/\/fifaa.ee\/en\/wp-json\/wp\/v2\/product"}],"about":[{"href":"https:\/\/fifaa.ee\/en\/wp-json\/wp\/v2\/types\/product"}],"wp:featuredmedia":[{"embeddable":true,"href":"https:\/\/fifaa.ee\/en\/wp-json\/wp\/v2\/media\/29360"}],"wp:attachment":[{"href":"https:\/\/fifaa.ee\/en\/wp-json\/wp\/v2\/media?parent=29334"}],"wp:term":[{"taxonomy":"product_brand","embeddable":true,"href":"https:\/\/fifaa.ee\/en\/wp-json\/wp\/v2\/product_brand?post=29334"},{"taxonomy":"product_cat","embeddable":true,"href":"https:\/\/fifaa.ee\/en\/wp-json\/wp\/v2\/product_cat?post=29334"},{"taxonomy":"product_tag","embeddable":true,"href":"https:\/\/fifaa.ee\/en\/wp-json\/wp\/v2\/product_tag?post=29334"}],"curies":[{"name":"wp","href":"https:\/\/api.w.org\/{rel}","templated":true}]}}