{"id":29336,"date":"2025-01-28T16:00:29","date_gmt":"2025-01-28T14:00:29","guid":{"rendered":"https:\/\/fifaa.ee\/?post_type=product&#038;p=29336"},"modified":"2026-04-01T16:12:07","modified_gmt":"2026-04-01T13:12:07","slug":"rcs-taaskasutatud-plastist-5000-mah-powerbank","status":"publish","type":"product","link":"https:\/\/fifaa.ee\/en\/product\/rcs-taaskasutatud-plastist-5000-mah-powerbank\/","title":{"rendered":"RCS recycled plastic 5.000 mAh Powerbank"},"content":{"rendered":"<p>5000 mAh pocket power bank made of RCS (Recycled Claim Standard) certified recycled ABS material, soft-touch finish and FSC\u00ae certified bamboo. Total recycled content: 23% of the total weight of the item. RCS certification ensures a fully certified supply chain of recycled materials. When fully charged, it gives you enough power to charge your mobile phone up to three times. The power bank contains a long-lasting, A-grade 5000 mAh high-density lithium polymer battery. Power indicators show the remaining power level, so you always know when to charge. Type-C input 5V\/2A Micro-USB input 5V\/2A. Output 5V\/2A. Packed in FSC\u00ae mixed packaging. RCS certified recycled TPE charging cable included<\/p>","protected":false},"excerpt":{"rendered":"<p>5000 mAh taskuj\u00f5upank, mis on valmistatud RCS-i (Recycled Claim Standard) sertifitseeritud ringlussev\u00f5etud ABS-materjalist, pehme puudutusega viimistlusega ja FSC\u00ae-sertifikaadiga bambusest. Taaskasutatud kogusisaldus: 23% kauba kogukaalust. RCS-sertifikaat tagab taaskasutatud materjalide t\u00e4ielikult sertifitseeritud tarneahela. T\u00e4ielikult laetuna annab see teile piisavalt energiat mobiiltelefoni kuni kolm korda laadimiseks. Akupank sisaldab kauakestvat A-klassi 5000 mAh suure tihedusega liitiumpol\u00fcmeerakut. Toiteindikaatorid n\u00e4itavad j\u00e4relej\u00e4\u00e4nud [&hellip;]<\/p>\n","protected":false},"featured_media":29364,"template":"","meta":{"_acf_changed":false},"product_brand":[],"product_cat":[590,589],"product_tag":[],"class_list":{"0":"post-29336","1":"product","2":"type-product","3":"status-publish","4":"has-post-thumbnail","6":"product_cat-akupangad","7":"product_cat-elektroonika","8":"pa_varv-pruun","10":"first","11":"instock","12":"taxable","13":"shipping-taxable","14":"purchasable","15":"product-type-variable","16":"has-default-attributes"},"acf":[],"_links":{"self":[{"href":"https:\/\/fifaa.ee\/en\/wp-json\/wp\/v2\/product\/29336","targetHints":{"allow":["GET"]}}],"collection":[{"href":"https:\/\/fifaa.ee\/en\/wp-json\/wp\/v2\/product"}],"about":[{"href":"https:\/\/fifaa.ee\/en\/wp-json\/wp\/v2\/types\/product"}],"wp:featuredmedia":[{"embeddable":true,"href":"https:\/\/fifaa.ee\/en\/wp-json\/wp\/v2\/media\/29364"}],"wp:attachment":[{"href":"https:\/\/fifaa.ee\/en\/wp-json\/wp\/v2\/media?parent=29336"}],"wp:term":[{"taxonomy":"product_brand","embeddable":true,"href":"https:\/\/fifaa.ee\/en\/wp-json\/wp\/v2\/product_brand?post=29336"},{"taxonomy":"product_cat","embeddable":true,"href":"https:\/\/fifaa.ee\/en\/wp-json\/wp\/v2\/product_cat?post=29336"},{"taxonomy":"product_tag","embeddable":true,"href":"https:\/\/fifaa.ee\/en\/wp-json\/wp\/v2\/product_tag?post=29336"}],"curies":[{"name":"wp","href":"https:\/\/api.w.org\/{rel}","templated":true}]}}