{"id":29337,"date":"2025-01-28T16:00:29","date_gmt":"2025-01-28T14:00:29","guid":{"rendered":"https:\/\/fifaa.ee\/?post_type=product&#038;p=29337"},"modified":"2026-04-01T16:12:27","modified_gmt":"2026-04-01T13:12:27","slug":"rcs-taaskasutatud-plastist-8000-mah-juhtmevaba-akupank","status":"publish","type":"product","link":"https:\/\/fifaa.ee\/en\/product\/rcs-taaskasutatud-plastist-8000-mah-juhtmevaba-akupank\/","title":{"rendered":"RCS recycled plastic 8000 mAh Wireless Powerbank"},"content":{"rendered":"<p>8000 mAh power bank Made from RCS (Recycled Claim Standard) certified recycled ABS plastic with a soft-touch finish and FSC\u00ae certified bamboo. Total recycled content: 20% of the total weight of the product. RCS certification ensures a fully certified supply chain of recycled materials. Supports 5W wireless charging and charging via USB port with a cable. Input via both micro USB and Type-C. When fully charged, it provides enough power to charge your mobile phone up to four times. The power bank contains a long-lasting 8000 mAh Class A lithium polymer battery. Power indicators show the remaining power level, so you always know when to charge. Micro input 5V\/2A Type-C input 5V\/2A USB output 5V\/2.4A. Wireless output 5W 5V\/1A. Packed in FSC\u00ae mixed packaging. Includes RCS-certified recycled TPE charging cable.<\/p>","protected":false},"excerpt":{"rendered":"<p>8000 mAh akupank Valmistatud RCS-i (Recycled Claim Standard) sertifitseeritud ringlussev\u00f5etud ABS-plastist, pehme puudutusega viimistlusega ja FSC\u00ae-sertifikaadiga bambusest. Taaskasutatud kogusisaldus: 20% toote kogukaalust. RCS-sertifikaat tagab taaskasutatud materjalide t\u00e4ielikult sertifitseeritud tarneahela. Toetab 5 W juhtmevaba laadimist ja laadimist USB-pordi kaudu kaabli abil. Sisend nii mikro-USB kui ka C-t\u00fc\u00fcpi kaudu. T\u00e4ielikult laetuna annab see piisavalt energiat mobiiltelefoni kuni [&hellip;]<\/p>\n","protected":false},"featured_media":29366,"template":"","meta":{"_acf_changed":false},"product_brand":[],"product_cat":[590,589],"product_tag":[],"class_list":{"0":"post-29337","1":"product","2":"type-product","3":"status-publish","4":"has-post-thumbnail","6":"product_cat-akupangad","7":"product_cat-elektroonika","8":"pa_varv-pruun","10":"first","11":"instock","12":"taxable","13":"shipping-taxable","14":"purchasable","15":"product-type-variable","16":"has-default-attributes"},"acf":[],"_links":{"self":[{"href":"https:\/\/fifaa.ee\/en\/wp-json\/wp\/v2\/product\/29337","targetHints":{"allow":["GET"]}}],"collection":[{"href":"https:\/\/fifaa.ee\/en\/wp-json\/wp\/v2\/product"}],"about":[{"href":"https:\/\/fifaa.ee\/en\/wp-json\/wp\/v2\/types\/product"}],"wp:featuredmedia":[{"embeddable":true,"href":"https:\/\/fifaa.ee\/en\/wp-json\/wp\/v2\/media\/29366"}],"wp:attachment":[{"href":"https:\/\/fifaa.ee\/en\/wp-json\/wp\/v2\/media?parent=29337"}],"wp:term":[{"taxonomy":"product_brand","embeddable":true,"href":"https:\/\/fifaa.ee\/en\/wp-json\/wp\/v2\/product_brand?post=29337"},{"taxonomy":"product_cat","embeddable":true,"href":"https:\/\/fifaa.ee\/en\/wp-json\/wp\/v2\/product_cat?post=29337"},{"taxonomy":"product_tag","embeddable":true,"href":"https:\/\/fifaa.ee\/en\/wp-json\/wp\/v2\/product_tag?post=29337"}],"curies":[{"name":"wp","href":"https:\/\/api.w.org\/{rel}","templated":true}]}}