{"id":29371,"date":"2025-01-28T16:00:45","date_gmt":"2025-01-28T14:00:45","guid":{"rendered":"https:\/\/fifaa.ee\/?post_type=product&#038;p=29371"},"modified":"2026-04-01T16:12:27","modified_gmt":"2026-04-01T13:12:27","slug":"magboost-rcs-taaskasutatud-plastist-5000-mah-magnetjoupank","status":"publish","type":"product","link":"https:\/\/fifaa.ee\/en\/product\/magboost-rcs-taaskasutatud-plastist-5000-mah-magnetjoupank\/","title":{"rendered":"MagBoost RCS recycled plastic 5000 mah magnetic power bank"},"content":{"rendered":"<p>5000 mAh pocket-sized power bank with 15W magnetic wireless charger, housing made of RCS-certified recycled ABS plastic. RCS (Recycled Claim Standard) is a standard for verifying the recycled content of a product throughout the supply chain. Total recycled content: 21% of the total weight of the item. The power bank contains a long-lasting 5000 mAh Class A lithium polymer battery. The integrated digital LED display shows the remaining power level, so you always know when to charge. Type-C input 5V\/2.4A; Type-C output: 5V\/2A.4A Product and accessories PVC-free. RCS-certified recycled TPE charging cable included. Packed in FSC\u00ae mixed packaging. Type-C input: 5V\/3A 9V\/2A 12V\/1.5A; Output: USB-C output: 5V\/2.4A\uff0c9V\/2.22A\uff0c12V\/1.67A; Wireless output: 15W<\/p>","protected":false},"excerpt":{"rendered":"<p>5000 mAh taskusuurune akupank 15 W magnetilise juhtmevaba laadijaga, mille korpus on valmistatud RCS-sertifikaadiga taaskasutatud ABS-plastist. RCS (Recycled Claim Standard) on standard toote ringlussev\u00f5etud sisu kontrollimiseks kogu tarneahelas. Taaskasutatud kogusisaldus: 21% eseme kogukaalust. Toitepank sisaldab kauakestvat A-klassi 5000 mAh liitiumpol\u00fcmeerakut. Integreeritud digitaalne LED-ekraan n\u00e4itab j\u00e4relej\u00e4\u00e4nud energiataset, nii et teate alati, millal laadida. Type-C sisend 5V\/2,4A; [&hellip;]<\/p>\n","protected":false},"featured_media":29386,"template":"","meta":{"_acf_changed":false},"product_brand":[],"product_cat":[590,589],"product_tag":[659],"class_list":{"0":"post-29371","1":"product","2":"type-product","3":"status-publish","4":"has-post-thumbnail","6":"product_cat-akupangad","7":"product_cat-elektroonika","8":"product_tag-more-colors","9":"pa_varv-must","10":"pa_varv-valge-new","12":"first","13":"instock","14":"taxable","15":"shipping-taxable","16":"purchasable","17":"product-type-variable","18":"has-default-attributes"},"acf":[],"_links":{"self":[{"href":"https:\/\/fifaa.ee\/en\/wp-json\/wp\/v2\/product\/29371","targetHints":{"allow":["GET"]}}],"collection":[{"href":"https:\/\/fifaa.ee\/en\/wp-json\/wp\/v2\/product"}],"about":[{"href":"https:\/\/fifaa.ee\/en\/wp-json\/wp\/v2\/types\/product"}],"wp:featuredmedia":[{"embeddable":true,"href":"https:\/\/fifaa.ee\/en\/wp-json\/wp\/v2\/media\/29386"}],"wp:attachment":[{"href":"https:\/\/fifaa.ee\/en\/wp-json\/wp\/v2\/media?parent=29371"}],"wp:term":[{"taxonomy":"product_brand","embeddable":true,"href":"https:\/\/fifaa.ee\/en\/wp-json\/wp\/v2\/product_brand?post=29371"},{"taxonomy":"product_cat","embeddable":true,"href":"https:\/\/fifaa.ee\/en\/wp-json\/wp\/v2\/product_cat?post=29371"},{"taxonomy":"product_tag","embeddable":true,"href":"https:\/\/fifaa.ee\/en\/wp-json\/wp\/v2\/product_tag?post=29371"}],"curies":[{"name":"wp","href":"https:\/\/api.w.org\/{rel}","templated":true}]}}