{"id":29372,"date":"2025-01-28T16:00:45","date_gmt":"2025-01-28T14:00:45","guid":{"rendered":"https:\/\/fifaa.ee\/?post_type=product&#038;p=29372"},"modified":"2026-04-01T16:12:48","modified_gmt":"2026-04-01T13:12:48","slug":"rcs-i-ringlussevoetud-plastist-alumiiniumist-4000-mah-c-tuupi-akupank","status":"publish","type":"product","link":"https:\/\/fifaa.ee\/en\/product\/rcs-i-ringlussevoetud-plastist-alumiiniumist-4000-mah-c-tuupi-akupank\/","title":{"rendered":"RCS recycled plastic\/aluminum 4000 mah powerbank with type C"},"content":{"rendered":"<p>4000 mAh flat design power bank with a body made of RCS-certified recycled aluminum\/ABS plastic. RCS (Recycled Claim Standard) is a standard for verifying the recycled content of a product throughout the supply chain. Total recycled content: 36% of the total weight of the item. The power bank supports both USB A and Type-C charging. The power bank contains a long-lasting Class A 4000 mAh lithium polymer battery. Power indicators show the remaining power level, so you always know when to charge. Type-C input 5V\/2A; Type-C output: 5V\/2A USB A output: 5V\/2A. Product and accessories PVC-free. RCS-certified recycled TPE charging cable included. Packed in FSC\u00ae mixed packaging.<\/p>","protected":false},"excerpt":{"rendered":"<p>4000 mAh lameda disainiga akupank, mille korpus on valmistatud RCS-sertifikaadiga taaskasutatud alumiinium\/ABS plastikust. RCS (Recycled Claim Standard) on standard toote ringlussev\u00f5etud sisu kontrollimiseks kogu tarneahelas. Kogu taaskasutatud sisaldus: 36% kauba kogukaalust. Toitepank toetab nii USB A kui ka C-t\u00fc\u00fcpi laadimist. Toitepank sisaldab kauakestvat A-klassi 4000 mAh liitiumpol\u00fcmeerakut. Toiteindikaatorid n\u00e4itavad j\u00e4relej\u00e4\u00e4nud energiataset, nii et teate alati, [&hellip;]<\/p>\n","protected":false},"featured_media":29390,"template":"","meta":{"_acf_changed":false},"product_brand":[],"product_cat":[590,589],"product_tag":[659],"class_list":{"0":"post-29372","1":"product","2":"type-product","3":"status-publish","4":"has-post-thumbnail","6":"product_cat-akupangad","7":"product_cat-elektroonika","8":"product_tag-more-colors","9":"pa_varv-hall","10":"pa_varv-must","11":"pa_varv-sinine","13":"first","14":"instock","15":"taxable","16":"shipping-taxable","17":"purchasable","18":"product-type-variable","19":"has-default-attributes"},"acf":[],"_links":{"self":[{"href":"https:\/\/fifaa.ee\/en\/wp-json\/wp\/v2\/product\/29372","targetHints":{"allow":["GET"]}}],"collection":[{"href":"https:\/\/fifaa.ee\/en\/wp-json\/wp\/v2\/product"}],"about":[{"href":"https:\/\/fifaa.ee\/en\/wp-json\/wp\/v2\/types\/product"}],"wp:featuredmedia":[{"embeddable":true,"href":"https:\/\/fifaa.ee\/en\/wp-json\/wp\/v2\/media\/29390"}],"wp:attachment":[{"href":"https:\/\/fifaa.ee\/en\/wp-json\/wp\/v2\/media?parent=29372"}],"wp:term":[{"taxonomy":"product_brand","embeddable":true,"href":"https:\/\/fifaa.ee\/en\/wp-json\/wp\/v2\/product_brand?post=29372"},{"taxonomy":"product_cat","embeddable":true,"href":"https:\/\/fifaa.ee\/en\/wp-json\/wp\/v2\/product_cat?post=29372"},{"taxonomy":"product_tag","embeddable":true,"href":"https:\/\/fifaa.ee\/en\/wp-json\/wp\/v2\/product_tag?post=29372"}],"curies":[{"name":"wp","href":"https:\/\/api.w.org\/{rel}","templated":true}]}}