{"id":29373,"date":"2025-01-28T16:00:45","date_gmt":"2025-01-28T14:00:45","guid":{"rendered":"https:\/\/fifaa.ee\/?post_type=product&#038;p=29373"},"modified":"2026-04-01T16:12:48","modified_gmt":"2026-04-01T13:12:48","slug":"lockhart-rcs-taaskasutatud-plastik-10-000-integreeritud-kaablitega","status":"publish","type":"product","link":"https:\/\/fifaa.ee\/en\/product\/lockhart-rcs-taaskasutatud-plastik-10-000-integreeritud-kaablitega\/","title":{"rendered":"Lockhart RCS recycled plastic 10.000 with integrated cables"},"content":{"rendered":"<p>10,000 mAh flat power bank with integrated charging cables, housing made of RCS-certified recycled ABS plastic, cables made of RCS-certified recycled TPE. RCS (Recycled Claim Standard) is a standard for verifying the recycled content of a product throughout the supply chain. Total recycled content: 21% of the total weight of the item. The power bank contains a long-lasting 10,000 mAh Class A lithium polymer battery. Power indicators show the remaining power level, so you always know when to charge. Micro USB input 5V\/2A; Type-C input 5V\/2.4A; USB output 5V\/2A; Type-C cable output: 5V2.4A, iOS cable output: 5V\/1A. Product and accessories PVC-free. Including a Type-C charging cable made of PVC-free recycled TPE material.<\/p>","protected":false},"excerpt":{"rendered":"<p>10 000 mAh lame akupank integreeritud laadimiskaablitega, mille korpus on valmistatud RCS-sertifikaadiga taaskasutatud ABS-plastist, kaablid on valmistatud RCS-sertifikaadiga taaskasutatud TPE-st. RCS (Recycled Claim Standard) on standard toote ringlussev\u00f5etud sisu kontrollimiseks kogu tarneahelas. Taaskasutatud kogusisaldus: 21% eseme kogukaalust. Toitepank sisaldab kauakestvat A-klassi 10 000 mAh liitiumpol\u00fcmeerakut. Toiteindikaatorid n\u00e4itavad j\u00e4relej\u00e4\u00e4nud energiataset, nii et teate alati, millal laadida. [&hellip;]<\/p>\n","protected":false},"featured_media":29398,"template":"","meta":{"_acf_changed":false},"product_brand":[],"product_cat":[590,589],"product_tag":[],"class_list":{"0":"post-29373","1":"product","2":"type-product","3":"status-publish","4":"has-post-thumbnail","6":"product_cat-akupangad","7":"product_cat-elektroonika","8":"pa_varv-must","10":"first","11":"instock","12":"taxable","13":"shipping-taxable","14":"purchasable","15":"product-type-variable","16":"has-default-attributes"},"acf":[],"_links":{"self":[{"href":"https:\/\/fifaa.ee\/en\/wp-json\/wp\/v2\/product\/29373","targetHints":{"allow":["GET"]}}],"collection":[{"href":"https:\/\/fifaa.ee\/en\/wp-json\/wp\/v2\/product"}],"about":[{"href":"https:\/\/fifaa.ee\/en\/wp-json\/wp\/v2\/types\/product"}],"wp:featuredmedia":[{"embeddable":true,"href":"https:\/\/fifaa.ee\/en\/wp-json\/wp\/v2\/media\/29398"}],"wp:attachment":[{"href":"https:\/\/fifaa.ee\/en\/wp-json\/wp\/v2\/media?parent=29373"}],"wp:term":[{"taxonomy":"product_brand","embeddable":true,"href":"https:\/\/fifaa.ee\/en\/wp-json\/wp\/v2\/product_brand?post=29373"},{"taxonomy":"product_cat","embeddable":true,"href":"https:\/\/fifaa.ee\/en\/wp-json\/wp\/v2\/product_cat?post=29373"},{"taxonomy":"product_tag","embeddable":true,"href":"https:\/\/fifaa.ee\/en\/wp-json\/wp\/v2\/product_tag?post=29373"}],"curies":[{"name":"wp","href":"https:\/\/api.w.org\/{rel}","templated":true}]}}