{"id":29374,"date":"2025-01-28T16:00:45","date_gmt":"2025-01-28T14:00:45","guid":{"rendered":"https:\/\/fifaa.ee\/?post_type=product&#038;p=29374"},"modified":"2026-04-01T16:13:17","modified_gmt":"2026-04-01T13:13:17","slug":"rcs-taaskasutatud-plastist-paikesepatarei-10-w-juhtmevaba-voimsusega","status":"publish","type":"product","link":"https:\/\/fifaa.ee\/en\/product\/rcs-taaskasutatud-plastist-paikesepatarei-10-w-juhtmevaba-voimsusega\/","title":{"rendered":"RCS recycled plastic Solar powerbank with 10W Wireless"},"content":{"rendered":"<p>Fast 10,000 mAh 10W wireless charging solar battery made with RCS (Recycled Claim Standard) certified recycled ABS and TPE. Total recycled content: 30% of the total weight of the item. RCS certification ensures a fully certified supply chain of recycled materials. The power bank supports both charging via cable (Type-C and USB) and 10W wireless fast charger. Wireless charging is compatible with all QI-enabled devices, such as Android latest generation, iPhone 8 and above. It has a solar panel with a flashlight and a carabiner clip that can be attached to any bag. IPX5 waterproof. With remaining battery indicator. Including Type-C charging cable made of GRS certified recycled TPE. Packed in FSC\u00ae mix kraft box. USB output: 5V\/2.4A; Type C Output: 5V\/2.4A .Product and accessories 100% PVC free<\/p>","protected":false},"excerpt":{"rendered":"<p>Kiire 10 000 mah 10 W juhtmevaba laadimisega p\u00e4ikesepatarei, mis on valmistatud RCS-i (Recycled Claim Standard) sertifitseeritud ringlussev\u00f5etud ABS-i ja TPE-ga. Taaskasutatud kogusisaldus: 30% eseme kogukaalust. RCS-sertifikaat tagab taaskasutatud materjalide t\u00e4ielikult sertifitseeritud tarneahela. Toitepank toetab nii laadimist kaabli (t\u00fc\u00fcp C ja USB) kui ka 10 W juhtmevaba kiirlaadija kaudu. Juhtmeta laadimine \u00fchildub k\u00f5igi QI-toega seadmetega, [&hellip;]<\/p>\n","protected":false},"featured_media":29400,"template":"","meta":{"_acf_changed":false},"product_brand":[],"product_cat":[590,589],"product_tag":[],"class_list":{"0":"post-29374","1":"product","2":"type-product","3":"status-publish","4":"has-post-thumbnail","6":"product_cat-akupangad","7":"product_cat-elektroonika","8":"pa_varv-must","10":"first","11":"instock","12":"taxable","13":"shipping-taxable","14":"purchasable","15":"product-type-variable","16":"has-default-attributes"},"acf":[],"_links":{"self":[{"href":"https:\/\/fifaa.ee\/en\/wp-json\/wp\/v2\/product\/29374","targetHints":{"allow":["GET"]}}],"collection":[{"href":"https:\/\/fifaa.ee\/en\/wp-json\/wp\/v2\/product"}],"about":[{"href":"https:\/\/fifaa.ee\/en\/wp-json\/wp\/v2\/types\/product"}],"wp:featuredmedia":[{"embeddable":true,"href":"https:\/\/fifaa.ee\/en\/wp-json\/wp\/v2\/media\/29400"}],"wp:attachment":[{"href":"https:\/\/fifaa.ee\/en\/wp-json\/wp\/v2\/media?parent=29374"}],"wp:term":[{"taxonomy":"product_brand","embeddable":true,"href":"https:\/\/fifaa.ee\/en\/wp-json\/wp\/v2\/product_brand?post=29374"},{"taxonomy":"product_cat","embeddable":true,"href":"https:\/\/fifaa.ee\/en\/wp-json\/wp\/v2\/product_cat?post=29374"},{"taxonomy":"product_tag","embeddable":true,"href":"https:\/\/fifaa.ee\/en\/wp-json\/wp\/v2\/product_tag?post=29374"}],"curies":[{"name":"wp","href":"https:\/\/api.w.org\/{rel}","templated":true}]}}