{"id":29377,"date":"2025-01-28T16:00:45","date_gmt":"2025-01-28T14:00:45","guid":{"rendered":"https:\/\/fifaa.ee\/?post_type=product&#038;p=29377"},"modified":"2026-04-01T16:13:17","modified_gmt":"2026-04-01T13:13:17","slug":"powerlink-rcs-rplastic-3000-mah-powerbank-usb-c-pistik","status":"publish","type":"product","link":"https:\/\/fifaa.ee\/en\/product\/powerlink-rcs-rplastic-3000-mah-powerbank-usb-c-pistik\/","title":{"rendered":"Powerlink RCS rplastic 3000 mah powerbank USB C connector"},"content":{"rendered":"<p>A portable, pocket-sized power bank that&#039;s easy to take on the go. The power bank has a Type-C port that you can easily connect to your latest iPhone (15 and up) or Android phone to start charging directly. The 3000 mAh power bank has an integrated USB C input and output cable that can be used to charge other USB C devices and recharge the power bank. There&#039;s no need to carry cables to use or charge this power bank. Made from recycled ABS and recycled TPE. Total recycled content: 19% of the total weight of the item. RCS certification ensures a fully certified supply chain of recycled materials. Packed in FSC\u00ae packaging. PVC free. Input: 5V\/2.1A Output 5V\/2.4A.<\/p>","protected":false},"excerpt":{"rendered":"<p>Kaasaskantav taskusuurune akupank, mida on lihtne liikvele kaasa v\u00f5tta. Toitepangal on C-t\u00fc\u00fcpi pistikupesa, mille saate otselaadimise alustamiseks h\u00f5lpsasti \u00fchendada oma uusima iPhone&#8217;i (15 ja uuemad) v\u00f5i Android-telefoniga. 3000 mAh akupangal on integreeritud USB C sisend- ja v\u00e4ljundkaabel, mida saab kasutada teiste USB C \u00fcksuste laadimiseks ja toitepanga uuesti laadimiseks. Selle toitepanga kasutamiseks v\u00f5i laadimiseks pole [&hellip;]<\/p>\n","protected":false},"featured_media":29406,"template":"","meta":{"_acf_changed":false},"product_brand":[],"product_cat":[590,589],"product_tag":[],"class_list":{"0":"post-29377","1":"product","2":"type-product","3":"status-publish","4":"has-post-thumbnail","6":"product_cat-akupangad","7":"product_cat-elektroonika","8":"pa_varv-must","10":"first","11":"instock","12":"taxable","13":"shipping-taxable","14":"purchasable","15":"product-type-variable","16":"has-default-attributes"},"acf":[],"_links":{"self":[{"href":"https:\/\/fifaa.ee\/en\/wp-json\/wp\/v2\/product\/29377","targetHints":{"allow":["GET"]}}],"collection":[{"href":"https:\/\/fifaa.ee\/en\/wp-json\/wp\/v2\/product"}],"about":[{"href":"https:\/\/fifaa.ee\/en\/wp-json\/wp\/v2\/types\/product"}],"wp:featuredmedia":[{"embeddable":true,"href":"https:\/\/fifaa.ee\/en\/wp-json\/wp\/v2\/media\/29406"}],"wp:attachment":[{"href":"https:\/\/fifaa.ee\/en\/wp-json\/wp\/v2\/media?parent=29377"}],"wp:term":[{"taxonomy":"product_brand","embeddable":true,"href":"https:\/\/fifaa.ee\/en\/wp-json\/wp\/v2\/product_brand?post=29377"},{"taxonomy":"product_cat","embeddable":true,"href":"https:\/\/fifaa.ee\/en\/wp-json\/wp\/v2\/product_cat?post=29377"},{"taxonomy":"product_tag","embeddable":true,"href":"https:\/\/fifaa.ee\/en\/wp-json\/wp\/v2\/product_tag?post=29377"}],"curies":[{"name":"wp","href":"https:\/\/api.w.org\/{rel}","templated":true}]}}