{"id":29380,"date":"2025-01-28T16:00:45","date_gmt":"2025-01-28T14:00:45","guid":{"rendered":"https:\/\/fifaa.ee\/?post_type=product&#038;p=29380"},"modified":"2026-04-01T16:13:37","modified_gmt":"2026-04-01T13:13:37","slug":"cyclecell-10-000-mah-eemaldatav-aku-akupank","status":"publish","type":"product","link":"https:\/\/fifaa.ee\/en\/product\/cyclecell-10-000-mah-eemaldatav-aku-akupank\/","title":{"rendered":"CycleCell 10,000 mah removable battery power bank"},"content":{"rendered":"<p>A uniquely designed power bank designed to encourage battery recycling at the end of the product&#039;s life. Simply open the power bank and remove the Class A battery for safe and responsible battery recycling. The 10,000mAh power bank comes with an integrated Type-C cable that you can easily connect to your device to start charging directly. The cable can also be used to charge the power bank itself. With one additional Type-C port to connect your charging cable. Made from recycled ABS and recycled TPE. Total recycled content: 30% of the total weight of the item. RCS certification ensures a fully certified supply chain of recycled materials. Packed in FSC\u00ae kraft packaging. PVC free. Input: 5V\/2.1A Output 5V\/2.4A.<\/p>","protected":false},"excerpt":{"rendered":"<p>Unikaalse disainiga akupank, mis on loodud aku taaskasutamise stimuleerimiseks toote eluts\u00fckli l\u00f5pus. Aku ohutuks ja vastutustundlikuks taaskasutamiseks avage lihtsalt akupank ja eemaldage a-klassi aku. 10 000 mah akupangaga on kaasas integreeritud C-t\u00fc\u00fcpi kaabel, mille saate h\u00f5lpsalt oma seadmega \u00fchendada, et alustada otselaadimist. Kaablit saab kasutada ka akupanga enda laadimiseks. \u00dche t\u00e4iendava C-t\u00fc\u00fcpi pordiga oma laadimiskaabli [&hellip;]<\/p>\n","protected":false},"featured_media":29412,"template":"","meta":{"_acf_changed":false},"product_brand":[],"product_cat":[590,589],"product_tag":[],"class_list":{"0":"post-29380","1":"product","2":"type-product","3":"status-publish","4":"has-post-thumbnail","6":"product_cat-akupangad","7":"product_cat-elektroonika","8":"pa_varv-must","10":"first","11":"instock","12":"taxable","13":"shipping-taxable","14":"purchasable","15":"product-type-variable","16":"has-default-attributes"},"acf":[],"_links":{"self":[{"href":"https:\/\/fifaa.ee\/en\/wp-json\/wp\/v2\/product\/29380","targetHints":{"allow":["GET"]}}],"collection":[{"href":"https:\/\/fifaa.ee\/en\/wp-json\/wp\/v2\/product"}],"about":[{"href":"https:\/\/fifaa.ee\/en\/wp-json\/wp\/v2\/types\/product"}],"wp:featuredmedia":[{"embeddable":true,"href":"https:\/\/fifaa.ee\/en\/wp-json\/wp\/v2\/media\/29412"}],"wp:attachment":[{"href":"https:\/\/fifaa.ee\/en\/wp-json\/wp\/v2\/media?parent=29380"}],"wp:term":[{"taxonomy":"product_brand","embeddable":true,"href":"https:\/\/fifaa.ee\/en\/wp-json\/wp\/v2\/product_brand?post=29380"},{"taxonomy":"product_cat","embeddable":true,"href":"https:\/\/fifaa.ee\/en\/wp-json\/wp\/v2\/product_cat?post=29380"},{"taxonomy":"product_tag","embeddable":true,"href":"https:\/\/fifaa.ee\/en\/wp-json\/wp\/v2\/product_tag?post=29380"}],"curies":[{"name":"wp","href":"https:\/\/api.w.org\/{rel}","templated":true}]}}