{"id":29419,"date":"2025-01-28T16:01:15","date_gmt":"2025-01-28T14:01:15","guid":{"rendered":"https:\/\/fifaa.ee\/?post_type=product&#038;p=29419"},"modified":"2026-04-01T16:13:59","modified_gmt":"2026-04-01T13:13:59","slug":"turbopack-rcs-rplast-powerbank-10-000-integreeritud-kaablit","status":"publish","type":"product","link":"https:\/\/fifaa.ee\/en\/product\/turbopack-rcs-rplast-powerbank-10-000-integreeritud-kaablit\/","title":{"rendered":"Turbopack RCS rplastic powerbank 10.000 integrated cables"},"content":{"rendered":"<p>All-in-one fast charging battery with integrated cables and power display. The 10,000mAh power bank comes with an integrated Type-C and integrated Apple Lightning cable so you can easily connect to your device to start fast charging your mobile device. With one additional Type-C port and a USB A port to connect your charging cable. When fully charged, the power bank provides enough power to charge your mobile phone up to four times. The power bank contains a long-lasting Class A 10,000mAh lithium polymer battery. Made from recycled ABS and recycled TPE. Total recycled content: 21% of the total weight of the item. RCS certification ensures a fully certified supply chain of recycled materials. With a digital display showing the remaining power. Packed in FSC\u00ae kraft packaging. PVC free. USB-A output 5V\u23933.0A, 9V\u23932A, 12V\u23931.5A; USB-C output 5V\u23933.0A, 9V\u23932.22A, 12V\u23931.67; Type-C input 5V\u23933.0A, 9V\u23932A, 12V\u23931.5A; Built-in USB-C cable Output: 5V\u23933A 9V\u23932A 12V\u2393 1.5A;<\/p>","protected":false},"excerpt":{"rendered":"<p>K\u00f5ik \u00fches kiirlaadimise aku koos integreeritud kaablite ja toiteekraaniga. 10 000 mah akupangaga on kaasas integreeritud C-t\u00fc\u00fcpi ja integreeritud Apple Lightning kaabel, et saaksite h\u00f5lpsasti oma seadmega \u00fchenduse luua, et alustada mobiilseadme kiiret laadimist. \u00dche t\u00e4iendava C-t\u00fc\u00fcpi pordi ja USB A-pordiga oma laadimiskaabli \u00fchendamiseks. T\u00e4ielikult laetuna annab akupank piisavalt energiat mobiiltelefoni kuni neli korda laadimiseks. [&hellip;]<\/p>\n","protected":false},"featured_media":29432,"template":"","meta":{"_acf_changed":false},"product_brand":[],"product_cat":[590,589],"product_tag":[],"class_list":{"0":"post-29419","1":"product","2":"type-product","3":"status-publish","4":"has-post-thumbnail","6":"product_cat-akupangad","7":"product_cat-elektroonika","8":"pa_varv-must","10":"first","11":"instock","12":"taxable","13":"shipping-taxable","14":"purchasable","15":"product-type-variable","16":"has-default-attributes"},"acf":[],"_links":{"self":[{"href":"https:\/\/fifaa.ee\/en\/wp-json\/wp\/v2\/product\/29419","targetHints":{"allow":["GET"]}}],"collection":[{"href":"https:\/\/fifaa.ee\/en\/wp-json\/wp\/v2\/product"}],"about":[{"href":"https:\/\/fifaa.ee\/en\/wp-json\/wp\/v2\/types\/product"}],"wp:featuredmedia":[{"embeddable":true,"href":"https:\/\/fifaa.ee\/en\/wp-json\/wp\/v2\/media\/29432"}],"wp:attachment":[{"href":"https:\/\/fifaa.ee\/en\/wp-json\/wp\/v2\/media?parent=29419"}],"wp:term":[{"taxonomy":"product_brand","embeddable":true,"href":"https:\/\/fifaa.ee\/en\/wp-json\/wp\/v2\/product_brand?post=29419"},{"taxonomy":"product_cat","embeddable":true,"href":"https:\/\/fifaa.ee\/en\/wp-json\/wp\/v2\/product_cat?post=29419"},{"taxonomy":"product_tag","embeddable":true,"href":"https:\/\/fifaa.ee\/en\/wp-json\/wp\/v2\/product_tag?post=29419"}],"curies":[{"name":"wp","href":"https:\/\/api.w.org\/{rel}","templated":true}]}}