{"id":29420,"date":"2025-01-28T16:01:15","date_gmt":"2025-01-28T14:01:15","guid":{"rendered":"https:\/\/fifaa.ee\/?post_type=product&#038;p=29420"},"modified":"2026-04-01T16:13:59","modified_gmt":"2026-04-01T13:13:59","slug":"stellar-rcs-taaskasutatud-plastist-5000-mah-5w-magnetjoupank","status":"publish","type":"product","link":"https:\/\/fifaa.ee\/en\/product\/stellar-rcs-taaskasutatud-plastist-5000-mah-5w-magnetjoupank\/","title":{"rendered":"Stellar RCS recycled plastic 5000 mah 5W magnetic power bank"},"content":{"rendered":"<p>5000 mAh pocket-sized power bank with 5W magnetic wireless charger, housing made of RCS-certified recycled ABS plastic. RCS (Recycled Claim Standard) is a standard for verifying the recycled content of a product throughout the supply chain. Total recycled content: 20% of the total product weight. With a choice of USB A and UCB C outputs. The power bank contains a long-lasting 5000 mAh Class A lithium polymer battery. Power indicators show the remaining power level, so you always know when to charge. Type-C input 5V\/2.4A; USB C \/USB A output: 5V\/2A.4A Product and accessories PVC-free. RCS-certified recycled TPE charging cable included. Packed in FSC\u00ae mixed packaging.<\/p>","protected":false},"excerpt":{"rendered":"<p>5000 mAh taskusuurune akupank 5 W magnetilise juhtmevaba laadijaga, mille korpus on valmistatud RCS-sertifikaadiga taaskasutatud ABS-plastikust. RCS (Recycled Claim Standard) on standard toote ringlussev\u00f5etud sisu kontrollimiseks kogu tarneahelas. Taaskasutatud kogusisaldus: 20% toote kogukaalust. USB A ja UCB C v\u00e4ljundi valikuga. Akupank sisaldab kauakestvat A-klassi 5000 mAh liitiumpol\u00fcmeerakut. Toiteindikaatorid n\u00e4itavad j\u00e4relej\u00e4\u00e4nud energiataset, nii et teate alati, [&hellip;]<\/p>\n","protected":false},"featured_media":29434,"template":"","meta":{"_acf_changed":false},"product_brand":[],"product_cat":[589,590],"product_tag":[659],"class_list":{"0":"post-29420","1":"product","2":"type-product","3":"status-publish","4":"has-post-thumbnail","6":"product_cat-elektroonika","7":"product_cat-akupangad","8":"product_tag-more-colors","9":"pa_varv-must","10":"pa_varv-valge-new","12":"first","13":"instock","14":"taxable","15":"shipping-taxable","16":"purchasable","17":"product-type-variable","18":"has-default-attributes"},"acf":[],"_links":{"self":[{"href":"https:\/\/fifaa.ee\/en\/wp-json\/wp\/v2\/product\/29420","targetHints":{"allow":["GET"]}}],"collection":[{"href":"https:\/\/fifaa.ee\/en\/wp-json\/wp\/v2\/product"}],"about":[{"href":"https:\/\/fifaa.ee\/en\/wp-json\/wp\/v2\/types\/product"}],"wp:featuredmedia":[{"embeddable":true,"href":"https:\/\/fifaa.ee\/en\/wp-json\/wp\/v2\/media\/29434"}],"wp:attachment":[{"href":"https:\/\/fifaa.ee\/en\/wp-json\/wp\/v2\/media?parent=29420"}],"wp:term":[{"taxonomy":"product_brand","embeddable":true,"href":"https:\/\/fifaa.ee\/en\/wp-json\/wp\/v2\/product_brand?post=29420"},{"taxonomy":"product_cat","embeddable":true,"href":"https:\/\/fifaa.ee\/en\/wp-json\/wp\/v2\/product_cat?post=29420"},{"taxonomy":"product_tag","embeddable":true,"href":"https:\/\/fifaa.ee\/en\/wp-json\/wp\/v2\/product_tag?post=29420"}],"curies":[{"name":"wp","href":"https:\/\/api.w.org\/{rel}","templated":true}]}}