{"id":29427,"date":"2025-01-28T16:01:15","date_gmt":"2025-01-28T14:01:15","guid":{"rendered":"https:\/\/fifaa.ee\/?post_type=product&#038;p=29427"},"modified":"2026-04-01T16:14:56","modified_gmt":"2026-04-01T13:14:56","slug":"rcs-standardi-taaskasutatud-plastist-juhtmevaba-toitepank","status":"publish","type":"product","link":"https:\/\/fifaa.ee\/en\/product\/rcs-standardi-taaskasutatud-plastist-juhtmevaba-toitepank\/","title":{"rendered":"RCS standard recycled plastic wireless power bank"},"content":{"rendered":"<p>8000 mAh power bank with 5W wireless charger, housing made of RCS-certified recycled ABS plastic. RCS (Recycled Claim Standard) is a standard for verifying the recycled content of a product throughout the supply chain. Total recycled content: 22% of the total weight of the item. When fully charged, the power bank provides enough energy to charge a mobile phone up to four times. The power bank contains a long-lasting 8000 mAh Class A lithium polymer battery. Power indicators show the remaining power level, so you always know when to charge. Type-C input 5V\/2A; Micro USB input 5V\/2A; Wireless output 5W; 2x USB output 5V\/2A; Product and accessories PVC-free. Including a charging cable made of PVC-free recycled TPE material.<\/p>","protected":false},"excerpt":{"rendered":"<p>8000 mAh akupank 5 W juhtmevaba laadijaga, mille korpus on valmistatud RCS-sertifikaadiga taaskasutatud ABS-plastist. RCS (Recycled Claim Standard) on standard toote ringlussev\u00f5etud sisu kontrollimiseks kogu tarneahelas. Taaskasutatud kogusisaldus: 22% eseme kogukaalust. T\u00e4ielikult laetuna annab akupank piisavalt energiat mobiiltelefoni kuni neli korda laadimiseks. Akupank sisaldab kauakestvat A-klassi 8000 mAh liitiumpol\u00fcmeerakut. Toiteindikaatorid n\u00e4itavad j\u00e4relej\u00e4\u00e4nud energiataset, nii et [&hellip;]<\/p>\n","protected":false},"featured_media":29458,"template":"","meta":{"_acf_changed":false},"product_brand":[],"product_cat":[590,589],"product_tag":[659],"class_list":{"0":"post-29427","1":"product","2":"type-product","3":"status-publish","4":"has-post-thumbnail","6":"product_cat-akupangad","7":"product_cat-elektroonika","8":"product_tag-more-colors","9":"pa_varv-must","10":"pa_varv-valge-new","12":"first","13":"instock","14":"taxable","15":"shipping-taxable","16":"purchasable","17":"product-type-variable","18":"has-default-attributes"},"acf":[],"_links":{"self":[{"href":"https:\/\/fifaa.ee\/en\/wp-json\/wp\/v2\/product\/29427","targetHints":{"allow":["GET"]}}],"collection":[{"href":"https:\/\/fifaa.ee\/en\/wp-json\/wp\/v2\/product"}],"about":[{"href":"https:\/\/fifaa.ee\/en\/wp-json\/wp\/v2\/types\/product"}],"wp:featuredmedia":[{"embeddable":true,"href":"https:\/\/fifaa.ee\/en\/wp-json\/wp\/v2\/media\/29458"}],"wp:attachment":[{"href":"https:\/\/fifaa.ee\/en\/wp-json\/wp\/v2\/media?parent=29427"}],"wp:term":[{"taxonomy":"product_brand","embeddable":true,"href":"https:\/\/fifaa.ee\/en\/wp-json\/wp\/v2\/product_brand?post=29427"},{"taxonomy":"product_cat","embeddable":true,"href":"https:\/\/fifaa.ee\/en\/wp-json\/wp\/v2\/product_cat?post=29427"},{"taxonomy":"product_tag","embeddable":true,"href":"https:\/\/fifaa.ee\/en\/wp-json\/wp\/v2\/product_tag?post=29427"}],"curies":[{"name":"wp","href":"https:\/\/api.w.org\/{rel}","templated":true}]}}