{"id":29428,"date":"2025-01-28T16:01:15","date_gmt":"2025-01-28T14:01:15","guid":{"rendered":"https:\/\/fifaa.ee\/?post_type=product&#038;p=29428"},"modified":"2026-04-01T16:15:17","modified_gmt":"2026-04-01T13:15:17","slug":"terra-rcs-taaskasutatud-alumiiniumist-akupank-5000-mah","status":"publish","type":"product","link":"https:\/\/fifaa.ee\/en\/product\/terra-rcs-taaskasutatud-alumiiniumist-akupank-5000-mah\/","title":{"rendered":"Terra RCS recycled aluminum power bank 5,000 mAh"},"content":{"rendered":"<p>The power bank is made of RCS (Recycled Claim Standard) certified recycled aluminum and ABS. Total recycled content: 36% of the total weight of the item. RCS certification ensures a fully certified supply chain of recycled materials. Aluminum does not lose its properties during recycling and can be recycled indefinitely. The power bank contains a long-lasting Class A 5000 mAh lithium polymer battery. Power indicators show the remaining energy level, so you always know when to charge. Product and accessories 100% PVC-free. Includes a Type-C charging cable made of RCS certified recycled aluminum, TPE and PET. Packed in FSC\u00ae mixed packaging. USB output 5\/2.4A, Type-C output: 5V\/2.4A. Type-C input: 2.4A. Micro-USB input: 5V\/2A.<\/p>","protected":false},"excerpt":{"rendered":"<p>Powerbank on valmistatud RCS (Recycled Claim Standard) sertifitseeritud taaskasutatud alumiiniumist ja ABS-ist. Kogu taaskasutatud sisaldus: 36% eseme kogukaalust. RCS-sertifikaat tagab taaskasutatud materjalide t\u00e4ielikult sertifitseeritud tarneahela. Alumiinium ei kaota ringlussev\u00f5tu k\u00e4igus oma omadusi ja seda saab ringlusse v\u00f5tta l\u00f5putult. Akupank sisaldab kauakestvat A-klassi 5000 mAh liitiumpol\u00fcmeerakut. Toiteindikaatorid n\u00e4itavad j\u00e4relej\u00e4\u00e4nud energiataset, nii et teate alati, millal laadida. [&hellip;]<\/p>\n","protected":false},"featured_media":29462,"template":"","meta":{"_acf_changed":false},"product_brand":[],"product_cat":[590,589],"product_tag":[],"class_list":{"0":"post-29428","1":"product","2":"type-product","3":"status-publish","4":"has-post-thumbnail","6":"product_cat-akupangad","7":"product_cat-elektroonika","8":"pa_varv-hall","10":"first","11":"instock","12":"taxable","13":"shipping-taxable","14":"purchasable","15":"product-type-variable","16":"has-default-attributes"},"acf":[],"_links":{"self":[{"href":"https:\/\/fifaa.ee\/en\/wp-json\/wp\/v2\/product\/29428","targetHints":{"allow":["GET"]}}],"collection":[{"href":"https:\/\/fifaa.ee\/en\/wp-json\/wp\/v2\/product"}],"about":[{"href":"https:\/\/fifaa.ee\/en\/wp-json\/wp\/v2\/types\/product"}],"wp:featuredmedia":[{"embeddable":true,"href":"https:\/\/fifaa.ee\/en\/wp-json\/wp\/v2\/media\/29462"}],"wp:attachment":[{"href":"https:\/\/fifaa.ee\/en\/wp-json\/wp\/v2\/media?parent=29428"}],"wp:term":[{"taxonomy":"product_brand","embeddable":true,"href":"https:\/\/fifaa.ee\/en\/wp-json\/wp\/v2\/product_brand?post=29428"},{"taxonomy":"product_cat","embeddable":true,"href":"https:\/\/fifaa.ee\/en\/wp-json\/wp\/v2\/product_cat?post=29428"},{"taxonomy":"product_tag","embeddable":true,"href":"https:\/\/fifaa.ee\/en\/wp-json\/wp\/v2\/product_tag?post=29428"}],"curies":[{"name":"wp","href":"https:\/\/api.w.org\/{rel}","templated":true}]}}