{"id":29466,"date":"2025-01-28T16:01:34","date_gmt":"2025-01-28T14:01:34","guid":{"rendered":"https:\/\/fifaa.ee\/?post_type=product&#038;p=29466"},"modified":"2026-04-01T16:15:17","modified_gmt":"2026-04-01T13:15:17","slug":"urban-vitamin-alameda-10-000-mah-18w-pd-toitepank","status":"publish","type":"product","link":"https:\/\/fifaa.ee\/en\/product\/urban-vitamin-alameda-10-000-mah-18w-pd-toitepank\/","title":{"rendered":"Urban Vitamin Alameda 10.000 mAh 18W PD powerbank"},"content":{"rendered":"<p>Charge your phone up to 2.5 times with this fast charging power bank. Thanks to the super fast 18W PD Type-C port, the power bank recharges in record time. It takes only 30 minutes to charge your phone up to 50%. Slow charging is a thing of the past. The power bank includes a long-lasting Class A 10,000 mAh battery to charge all your devices on trips and adventures. Dual USB A and Type-C ports allow you to charge up to 3 devices at once. Urban Vitamin products are made without PVC and packaged in reduced plastic packaging. Type-C input: 5V\/3A, 9V\/2A; Micro-USB input: 5V\/2A, 9V\/2A; Type-C output: 5V\/3A, 9V\/2A, 12V\/1.5A; USB output: 5V\/2.4A, 9V\/2A, 12V\/1.5A<\/p>","protected":false},"excerpt":{"rendered":"<p>Laadige oma telefoni selle kiirlaadimise akupangaga kuni 2,5 korda. T\u00e4nu \u00fclikiirele C-t\u00fc\u00fcpi 18W PD-pordile laadib akupank rekordilise ajaga uuesti. Telefoni kuni 50% laadimine v\u00f5tab aega vaid 30 minutit. Aeglane laadimine on midagi minevikust. Akupank sisaldab kauakestvat A-klassi 10 000 mAh akut, et laadida k\u00f5iki oma seadmeid reisidel ja seiklustel. Kahekordne USB A ja C-t\u00fc\u00fcpi port [&hellip;]<\/p>\n","protected":false},"featured_media":29476,"template":"","meta":{"_acf_changed":false},"product_brand":[],"product_cat":[590,589],"product_tag":[659],"class_list":{"0":"post-29466","1":"product","2":"type-product","3":"status-publish","4":"has-post-thumbnail","6":"product_cat-akupangad","7":"product_cat-elektroonika","8":"product_tag-more-colors","9":"pa_varv-must","10":"pa_varv-sinine","11":"pa_varv-valge-new","13":"first","14":"instock","15":"taxable","16":"shipping-taxable","17":"purchasable","18":"product-type-variable","19":"has-default-attributes"},"acf":[],"_links":{"self":[{"href":"https:\/\/fifaa.ee\/en\/wp-json\/wp\/v2\/product\/29466","targetHints":{"allow":["GET"]}}],"collection":[{"href":"https:\/\/fifaa.ee\/en\/wp-json\/wp\/v2\/product"}],"about":[{"href":"https:\/\/fifaa.ee\/en\/wp-json\/wp\/v2\/types\/product"}],"wp:featuredmedia":[{"embeddable":true,"href":"https:\/\/fifaa.ee\/en\/wp-json\/wp\/v2\/media\/29476"}],"wp:attachment":[{"href":"https:\/\/fifaa.ee\/en\/wp-json\/wp\/v2\/media?parent=29466"}],"wp:term":[{"taxonomy":"product_brand","embeddable":true,"href":"https:\/\/fifaa.ee\/en\/wp-json\/wp\/v2\/product_brand?post=29466"},{"taxonomy":"product_cat","embeddable":true,"href":"https:\/\/fifaa.ee\/en\/wp-json\/wp\/v2\/product_cat?post=29466"},{"taxonomy":"product_tag","embeddable":true,"href":"https:\/\/fifaa.ee\/en\/wp-json\/wp\/v2\/product_tag?post=29466"}],"curies":[{"name":"wp","href":"https:\/\/api.w.org\/{rel}","templated":true}]}}