{"id":29468,"date":"2025-01-28T16:01:34","date_gmt":"2025-01-28T14:01:34","guid":{"rendered":"https:\/\/fifaa.ee\/?post_type=product&#038;p=29468"},"modified":"2026-04-01T16:15:43","modified_gmt":"2026-04-01T13:15:43","slug":"gridley-rcs-rplastic-20000-65w-sulearvuti-toitepank","status":"publish","type":"product","link":"https:\/\/fifaa.ee\/en\/product\/gridley-rcs-rplastic-20000-65w-sulearvuti-toitepank\/","title":{"rendered":"Gridley RCS rplastic 20000 65W laptop power bank"},"content":{"rendered":"<p>Tired of constantly searching for outlets? Meet the 65W Supercharge Powerbank! A 20,000mAh 20W PD power bank with a body made of RCS-certified recycled ABS plastic. RCS (Recycled Claim Standard) is a standard for verifying the recycled content of a product throughout the supply chain. Total recycled content: 13% of the total weight of the item. With a powerful 65W output and integrated Type-C and iOS cables, you can easily charge all your devices. Say goodbye to tangled cables and waiting for a charge - this power bank supports lightning-fast 45W charging via Type-C and supercharging via Type-C (up to 65W) and USB A (up to 22.5W). Whether you&#039;re a busy professional, a student on the go, or an adventurer, this power bank is your best companion. Don&#039;t miss the opportunity to revolutionize your charging experience. Say goodbye to battery drain and hello to reliable, lightning-fast charging with the 65W Supercharge Powerbank. With LED display.<\/p>","protected":false},"excerpt":{"rendered":"<p>Kas olete v\u00e4sinud pidevast m\u00fc\u00fcgikohtade otsimisest? Tutvuge 65 W Supercharge Powerbankiga! 20 000 mAh 20 W PD akupank, mille korpus on valmistatud RCS-sertifikaadiga taaskasutatud ABS-plastist. RCS (Recycled Claim Standard) on standard toote ringlussev\u00f5etud sisu kontrollimiseks kogu tarneahelas. Taaskasutatud kogusisaldus: 13% kauba kogukaalust. T\u00e4nu v\u00f5imsale 65 W v\u00e4ljundile ning integreeritud C-t\u00fc\u00fcpi ja iOS-i kaablitele saate k\u00f5iki [&hellip;]<\/p>\n","protected":false},"featured_media":29488,"template":"","meta":{"_acf_changed":false},"product_brand":[],"product_cat":[590,589],"product_tag":[],"class_list":{"0":"post-29468","1":"product","2":"type-product","3":"status-publish","4":"has-post-thumbnail","6":"product_cat-akupangad","7":"product_cat-elektroonika","8":"pa_varv-must","10":"first","11":"instock","12":"taxable","13":"shipping-taxable","14":"purchasable","15":"product-type-variable","16":"has-default-attributes"},"acf":[],"_links":{"self":[{"href":"https:\/\/fifaa.ee\/en\/wp-json\/wp\/v2\/product\/29468","targetHints":{"allow":["GET"]}}],"collection":[{"href":"https:\/\/fifaa.ee\/en\/wp-json\/wp\/v2\/product"}],"about":[{"href":"https:\/\/fifaa.ee\/en\/wp-json\/wp\/v2\/types\/product"}],"wp:featuredmedia":[{"embeddable":true,"href":"https:\/\/fifaa.ee\/en\/wp-json\/wp\/v2\/media\/29488"}],"wp:attachment":[{"href":"https:\/\/fifaa.ee\/en\/wp-json\/wp\/v2\/media?parent=29468"}],"wp:term":[{"taxonomy":"product_brand","embeddable":true,"href":"https:\/\/fifaa.ee\/en\/wp-json\/wp\/v2\/product_brand?post=29468"},{"taxonomy":"product_cat","embeddable":true,"href":"https:\/\/fifaa.ee\/en\/wp-json\/wp\/v2\/product_cat?post=29468"},{"taxonomy":"product_tag","embeddable":true,"href":"https:\/\/fifaa.ee\/en\/wp-json\/wp\/v2\/product_tag?post=29468"}],"curies":[{"name":"wp","href":"https:\/\/api.w.org\/{rel}","templated":true}]}}