{"id":29469,"date":"2025-01-28T16:01:34","date_gmt":"2025-01-28T14:01:34","guid":{"rendered":"https:\/\/fifaa.ee\/?post_type=product&#038;p=29469"},"modified":"2026-04-01T16:16:09","modified_gmt":"2026-04-01T13:16:09","slug":"urban-vitamin-burbank-rcs-plastist-alumiinium-3000-mah-akupank","status":"publish","type":"product","link":"https:\/\/fifaa.ee\/en\/product\/urban-vitamin-burbank-rcs-plastist-alumiinium-3000-mah-akupank\/","title":{"rendered":"Urban Vitamin Burbank RCS plastic\/alu 3000 mah power bank"},"content":{"rendered":"<p>Burbank\u2019s magnetic technology effortlessly snaps onto your iPhone 12 and later, as well as next-generation Android phones, ensuring a seamless connection for 7.5W wireless charging. Need a quick boost to get you through the day? Burbank supports 10W charging via the Type-C port to both top up the power bank itself and supercharge your device. No more waiting around \u2013 get back to what matters most! It couldn\u2019t be easier \u2013 just snap your phone onto Burbank and watch the magic happen! Our intelligent design automatically starts charging as soon as it\u2019s connected, ensuring your devices are always fully charged when you need them. We believe in lasting quality, which is why Burbank is equipped with a high-quality, ultra-thin 3000mAh 100% cobalt battery (1200 cycles). This powerhouse lasts longer and performs better than standard lithium batteries, giving you reliable, long-lasting power. Made from RCS (Recycled Claim Standard) certified recycled aluminum and ABS.<\/p>","protected":false},"excerpt":{"rendered":"<p>Burbanki magnettehnoloogia kl\u00f5psab vaevata teie iPhone 12 ja uuemate telefonidega, aga ka uue p\u00f5lvkonna Android-telefonidega, tagades sujuva \u00fchenduse 7,5 W juhtmeta laadimiseks. Kas vajate kiiret t\u00f5uget, et p\u00e4eva \u00fcle elada? Burbank toetab C-t\u00fc\u00fcpi pordi kaudu 10 W laadimist nii akupanga enda t\u00e4iendamiseks kui ka seadme \u00fclelaadimiseks. Enam pole vaja oodata \u2013 p\u00f6\u00f6rduge kiiresti tagasi k\u00f5ige [&hellip;]<\/p>\n","protected":false},"featured_media":29490,"template":"","meta":{"_acf_changed":false},"product_brand":[],"product_cat":[590,589],"product_tag":[659],"class_list":{"0":"post-29469","1":"product","2":"type-product","3":"status-publish","4":"has-post-thumbnail","6":"product_cat-akupangad","7":"product_cat-elektroonika","8":"product_tag-more-colors","9":"pa_varv-must","11":"first","12":"instock","13":"taxable","14":"shipping-taxable","15":"purchasable","16":"product-type-variable","17":"has-default-attributes"},"acf":[],"_links":{"self":[{"href":"https:\/\/fifaa.ee\/en\/wp-json\/wp\/v2\/product\/29469","targetHints":{"allow":["GET"]}}],"collection":[{"href":"https:\/\/fifaa.ee\/en\/wp-json\/wp\/v2\/product"}],"about":[{"href":"https:\/\/fifaa.ee\/en\/wp-json\/wp\/v2\/types\/product"}],"wp:featuredmedia":[{"embeddable":true,"href":"https:\/\/fifaa.ee\/en\/wp-json\/wp\/v2\/media\/29490"}],"wp:attachment":[{"href":"https:\/\/fifaa.ee\/en\/wp-json\/wp\/v2\/media?parent=29469"}],"wp:term":[{"taxonomy":"product_brand","embeddable":true,"href":"https:\/\/fifaa.ee\/en\/wp-json\/wp\/v2\/product_brand?post=29469"},{"taxonomy":"product_cat","embeddable":true,"href":"https:\/\/fifaa.ee\/en\/wp-json\/wp\/v2\/product_cat?post=29469"},{"taxonomy":"product_tag","embeddable":true,"href":"https:\/\/fifaa.ee\/en\/wp-json\/wp\/v2\/product_tag?post=29469"}],"curies":[{"name":"wp","href":"https:\/\/api.w.org\/{rel}","templated":true}]}}