{"id":29471,"date":"2025-01-28T16:01:34","date_gmt":"2025-01-28T14:01:34","guid":{"rendered":"https:\/\/fifaa.ee\/?post_type=product&#038;p=29471"},"modified":"2026-04-01T16:16:09","modified_gmt":"2026-04-01T13:16:09","slug":"urban-vitamin-malibu-rcs-plastist-alumiinium-5000-mah-akupank","status":"publish","type":"product","link":"https:\/\/fifaa.ee\/en\/product\/urban-vitamin-malibu-rcs-plastist-alumiinium-5000-mah-akupank\/","title":{"rendered":"Urban Vitamin Malibu RCS plastic\/alu 5000 mah powerbank"},"content":{"rendered":"<p>Malibu&#039;s magnetic technology effortlessly snaps onto your iPhone 12 and later, as well as next-generation Android phones, ensuring a seamless connection for lightning-fast 15W charging. Need a quick boost to get you through the day? Malibu supports lightning-fast 20W fast charging via the Type-C port to both top up the battery pack itself and supercharge your device. No more waiting around - get back to what matters most! It couldn&#039;t be easier - just snap your phone onto Malibu and watch the magic happen! Our intelligent design automatically starts charging as soon as it&#039;s connected, ensuring your devices are always topped up when you need them. Integrated watch charger for iOS watch devices. We believe in quality that lasts, which is why Malibu is equipped with a high-quality 5000mAh 100% cobalt battery that lasts up to 1200 cycles. Made from RCS (Recycled Claim Standard) certified recycled aluminum and ABS<\/p>","protected":false},"excerpt":{"rendered":"<p>Malibu magnettehnoloogia kl\u00f5psab vaevata teie iPhone 12 ja uuemate telefonidega, aga ka uue p\u00f5lvkonna Android-telefonidega, tagades sujuva \u00fchenduse v\u00e4lkkiire 15 W laadimise jaoks. Kas vajate kiiret t\u00f5uget, et p\u00e4eva \u00fcle elada? Malibu toetab C-t\u00fc\u00fcpi pordi kaudu v\u00e4lkkiire 20 W kiirlaadimist nii akupaki enda t\u00e4iendamiseks kui ka seadme \u00fclelaadimiseks. Enam pole vaja oodata \u2013 p\u00f6\u00f6rduge kiiresti [&hellip;]<\/p>\n","protected":false},"featured_media":29498,"template":"","meta":{"_acf_changed":false},"product_brand":[],"product_cat":[590,589],"product_tag":[],"class_list":{"0":"post-29471","1":"product","2":"type-product","3":"status-publish","4":"has-post-thumbnail","6":"product_cat-akupangad","7":"product_cat-elektroonika","9":"first","10":"instock","11":"taxable","12":"shipping-taxable","13":"purchasable","14":"product-type-variable","15":"has-default-attributes"},"acf":[],"_links":{"self":[{"href":"https:\/\/fifaa.ee\/en\/wp-json\/wp\/v2\/product\/29471","targetHints":{"allow":["GET"]}}],"collection":[{"href":"https:\/\/fifaa.ee\/en\/wp-json\/wp\/v2\/product"}],"about":[{"href":"https:\/\/fifaa.ee\/en\/wp-json\/wp\/v2\/types\/product"}],"wp:featuredmedia":[{"embeddable":true,"href":"https:\/\/fifaa.ee\/en\/wp-json\/wp\/v2\/media\/29498"}],"wp:attachment":[{"href":"https:\/\/fifaa.ee\/en\/wp-json\/wp\/v2\/media?parent=29471"}],"wp:term":[{"taxonomy":"product_brand","embeddable":true,"href":"https:\/\/fifaa.ee\/en\/wp-json\/wp\/v2\/product_brand?post=29471"},{"taxonomy":"product_cat","embeddable":true,"href":"https:\/\/fifaa.ee\/en\/wp-json\/wp\/v2\/product_cat?post=29471"},{"taxonomy":"product_tag","embeddable":true,"href":"https:\/\/fifaa.ee\/en\/wp-json\/wp\/v2\/product_tag?post=29471"}],"curies":[{"name":"wp","href":"https:\/\/api.w.org\/{rel}","templated":true}]}}