{"id":29472,"date":"2025-01-28T16:01:34","date_gmt":"2025-01-28T14:01:34","guid":{"rendered":"https:\/\/fifaa.ee\/?post_type=product&#038;p=29472"},"modified":"2026-04-01T16:16:30","modified_gmt":"2026-04-01T13:16:30","slug":"urban-vitamin-compton-rcs-plastist-alumiinium-10-000-mah-akupank","status":"publish","type":"product","link":"https:\/\/fifaa.ee\/en\/product\/urban-vitamin-compton-rcs-plastist-alumiinium-10-000-mah-akupank\/","title":{"rendered":"Urban Vitamin Compton RCS plastic\/alu 10,000 mah powerbank"},"content":{"rendered":"<p>Compton\u2019s magnetic technology effortlessly snaps onto your iPhone 12 and later, as well as next-generation Android phones, ensuring a seamless connection for lightning-fast 15W charging. Need a quick boost to get you through the day? Compton supports lightning-fast 20W fast charging via the Type-C port to both top up the battery pack itself and supercharge your device. It couldn\u2019t be easier \u2013 just snap your phone into Compton and watch the magic happen! Our intelligent design automatically starts charging as soon as it\u2019s connected, ensuring your devices are always charged when you need them. We believe in quality that lasts, which is why Compton is equipped with a high-quality 10,000mAh 100% cobalt battery that lasts up to 1200 cycles. . This powerhouse lasts longer and performs better than standard lithium batteries, giving you reliable, long-lasting power. Made from RCS (Recycled Claim Standard) certified recycled aluminum and ABS.<\/p>","protected":false},"excerpt":{"rendered":"<p>Comptoni magnettehnoloogia kl\u00f5psab vaevata teie iPhone 12 ja uuemate mudelitega ning ka uue p\u00f5lvkonna Android-telefonidega, tagades sujuva \u00fchenduse v\u00e4lkkiire 15 W laadimise jaoks. Kas vajate kiiret t\u00f5uget, et p\u00e4eva \u00fcle elada? Compton toetab C-t\u00fc\u00fcpi pordi kaudu v\u00e4lkkiiret 20 W kiirlaadimist nii akupaki enda t\u00e4iendamiseks kui ka seadme \u00fclelaadimiseks. See ei saa olla lihtsam \u2013 kl\u00f5psake [&hellip;]<\/p>\n","protected":false},"featured_media":29500,"template":"","meta":{"_acf_changed":false},"product_brand":[],"product_cat":[590,589],"product_tag":[659],"class_list":{"0":"post-29472","1":"product","2":"type-product","3":"status-publish","4":"has-post-thumbnail","6":"product_cat-akupangad","7":"product_cat-elektroonika","8":"product_tag-more-colors","9":"pa_varv-must","11":"first","12":"instock","13":"taxable","14":"shipping-taxable","15":"purchasable","16":"product-type-variable","17":"has-default-attributes"},"acf":[],"_links":{"self":[{"href":"https:\/\/fifaa.ee\/en\/wp-json\/wp\/v2\/product\/29472","targetHints":{"allow":["GET"]}}],"collection":[{"href":"https:\/\/fifaa.ee\/en\/wp-json\/wp\/v2\/product"}],"about":[{"href":"https:\/\/fifaa.ee\/en\/wp-json\/wp\/v2\/types\/product"}],"wp:featuredmedia":[{"embeddable":true,"href":"https:\/\/fifaa.ee\/en\/wp-json\/wp\/v2\/media\/29500"}],"wp:attachment":[{"href":"https:\/\/fifaa.ee\/en\/wp-json\/wp\/v2\/media?parent=29472"}],"wp:term":[{"taxonomy":"product_brand","embeddable":true,"href":"https:\/\/fifaa.ee\/en\/wp-json\/wp\/v2\/product_brand?post=29472"},{"taxonomy":"product_cat","embeddable":true,"href":"https:\/\/fifaa.ee\/en\/wp-json\/wp\/v2\/product_cat?post=29472"},{"taxonomy":"product_tag","embeddable":true,"href":"https:\/\/fifaa.ee\/en\/wp-json\/wp\/v2\/product_tag?post=29472"}],"curies":[{"name":"wp","href":"https:\/\/api.w.org\/{rel}","templated":true}]}}