{"id":29517,"date":"2025-01-28T16:01:54","date_gmt":"2025-01-28T14:01:54","guid":{"rendered":"https:\/\/fifaa.ee\/?post_type=product&#038;p=29517"},"modified":"2026-04-01T16:17:27","modified_gmt":"2026-04-01T13:17:27","slug":"urban-vitamin-menlo-park-rcs-rplast-20-000-20wpd-joupank","status":"publish","type":"product","link":"https:\/\/fifaa.ee\/en\/product\/urban-vitamin-menlo-park-rcs-rplast-20-000-20wpd-joupank\/","title":{"rendered":"Urban Vitamin Menlo Park RCS rplastic 20,000 20WPD power bank"},"content":{"rendered":"<p>Meet the new standard in portable charging. Menlo Park is a 20,000mAh power bank that lets you charge all your mobile devices at top speed. Menlo Park not only charges at top speed, but also offers the fastest possible way to charge your power bank. Menlo Park has two USB outputs so you can charge two devices at once. One via Type-C port and one via Type-C cable. Both offer super-fast PD charging up to 20W. Menlo Park is made from RCS (Recycled Claim Standard) certified recycled ABS and PC. Total recycled content: 20% of the total weight of the item. Urban Vitamin products are made without PVC and packaged in reduced plastic packaging<\/p>","protected":false},"excerpt":{"rendered":"<p>Vastake kaasaskantava laadimise uuele standardile. Menlo Park on 20 000 mAh akupank, mis v\u00f5imaldab laadida k\u00f5iki oma mobiilseadmeid tippkiirusel. Menlo Park ei lae mitte ainult tippkiirusel, vaid pakub ka kiireimat v\u00f5imalikku viisi akupanga laadimiseks. Menlo Parkil on kaks USB-v\u00e4ljundit, et saaksite laadida kahte seadet korraga. \u00dcks C-t\u00fc\u00fcpi pordi kaudu ja \u00fcks C-t\u00fc\u00fcpi kaabliga. M\u00f5lemad pakuvad [&hellip;]<\/p>\n","protected":false},"featured_media":29532,"template":"","meta":{"_acf_changed":false},"product_brand":[],"product_cat":[590,589],"product_tag":[],"class_list":{"0":"post-29517","1":"product","2":"type-product","3":"status-publish","4":"has-post-thumbnail","6":"product_cat-akupangad","7":"product_cat-elektroonika","8":"pa_varv-must","10":"first","11":"instock","12":"taxable","13":"shipping-taxable","14":"purchasable","15":"product-type-variable","16":"has-default-attributes"},"acf":[],"_links":{"self":[{"href":"https:\/\/fifaa.ee\/en\/wp-json\/wp\/v2\/product\/29517","targetHints":{"allow":["GET"]}}],"collection":[{"href":"https:\/\/fifaa.ee\/en\/wp-json\/wp\/v2\/product"}],"about":[{"href":"https:\/\/fifaa.ee\/en\/wp-json\/wp\/v2\/types\/product"}],"wp:featuredmedia":[{"embeddable":true,"href":"https:\/\/fifaa.ee\/en\/wp-json\/wp\/v2\/media\/29532"}],"wp:attachment":[{"href":"https:\/\/fifaa.ee\/en\/wp-json\/wp\/v2\/media?parent=29517"}],"wp:term":[{"taxonomy":"product_brand","embeddable":true,"href":"https:\/\/fifaa.ee\/en\/wp-json\/wp\/v2\/product_brand?post=29517"},{"taxonomy":"product_cat","embeddable":true,"href":"https:\/\/fifaa.ee\/en\/wp-json\/wp\/v2\/product_cat?post=29517"},{"taxonomy":"product_tag","embeddable":true,"href":"https:\/\/fifaa.ee\/en\/wp-json\/wp\/v2\/product_tag?post=29517"}],"curies":[{"name":"wp","href":"https:\/\/api.w.org\/{rel}","templated":true}]}}