{"id":29518,"date":"2025-01-28T16:01:54","date_gmt":"2025-01-28T14:01:54","guid":{"rendered":"https:\/\/fifaa.ee\/?post_type=product&#038;p=29518"},"modified":"2026-04-01T16:17:48","modified_gmt":"2026-04-01T13:17:48","slug":"zen-rcs-rplastic-5000-mah-5w-magnetiline-bambusest-joupank","status":"publish","type":"product","link":"https:\/\/fifaa.ee\/en\/product\/zen-rcs-rplastic-5000-mah-5w-magnetiline-bambusest-joupank\/","title":{"rendered":"Zen RCS rplastic 5000 mah 5W magnetic bamboo powerbank"},"content":{"rendered":"<p>5000 mAh pocket-sized power bank with 5W magnetic wireless charger, housing made of RCS-certified recycled ABS plastic and FSC-certified bamboo. RCS (Recycled Claim Standard) is a standard that verifies the recycled content of a product throughout the supply chain. Total recycled content: 22% of the total weight of the item. The power bank contains a long-lasting Class A 5000 mAh lithium polymer battery. With integrated phone stand. Power indicators show the remaining power level, so you always know when to charge. Type-C input 5V\/2.4A; Type-C output: 5V\/2A.4A Product and accessories PVC-free. RCS-certified recycled TPE charging cable included. Packed in FSC\u00ae mixed packaging.<\/p>","protected":false},"excerpt":{"rendered":"<p>5000 mAh taskusuurune toitepank koos 5 W magnetilise juhtmevaba laadijaga, mille korpus on valmistatud RCS-sertifikaadiga taaskasutatud ABS-plastist ja FSC-sertifikaadiga bambusest. RCS (Recycled Claim Standard) on standard, mis kontrollib toote ringlussev\u00f5etud sisu kogu tarneahelas. Taaskasutatud kogusisaldus: 22% eseme kogukaalust. Toitepank sisaldab kauakestvat A-klassi 5000 mAh liitiumpol\u00fcmeerakut. Integreeritud telefonialusega. Toiteindikaatorid n\u00e4itavad j\u00e4relej\u00e4\u00e4nud energiataset, nii et teate alati, [&hellip;]<\/p>\n","protected":false},"featured_media":29534,"template":"","meta":{"_acf_changed":false},"product_brand":[],"product_cat":[590,589],"product_tag":[659],"class_list":{"0":"post-29518","1":"product","2":"type-product","3":"status-publish","4":"has-post-thumbnail","6":"product_cat-akupangad","7":"product_cat-elektroonika","8":"product_tag-more-colors","9":"pa_varv-must","10":"pa_varv-valge-new","12":"first","13":"instock","14":"taxable","15":"shipping-taxable","16":"purchasable","17":"product-type-variable","18":"has-default-attributes"},"acf":[],"_links":{"self":[{"href":"https:\/\/fifaa.ee\/en\/wp-json\/wp\/v2\/product\/29518","targetHints":{"allow":["GET"]}}],"collection":[{"href":"https:\/\/fifaa.ee\/en\/wp-json\/wp\/v2\/product"}],"about":[{"href":"https:\/\/fifaa.ee\/en\/wp-json\/wp\/v2\/types\/product"}],"wp:featuredmedia":[{"embeddable":true,"href":"https:\/\/fifaa.ee\/en\/wp-json\/wp\/v2\/media\/29534"}],"wp:attachment":[{"href":"https:\/\/fifaa.ee\/en\/wp-json\/wp\/v2\/media?parent=29518"}],"wp:term":[{"taxonomy":"product_brand","embeddable":true,"href":"https:\/\/fifaa.ee\/en\/wp-json\/wp\/v2\/product_brand?post=29518"},{"taxonomy":"product_cat","embeddable":true,"href":"https:\/\/fifaa.ee\/en\/wp-json\/wp\/v2\/product_cat?post=29518"},{"taxonomy":"product_tag","embeddable":true,"href":"https:\/\/fifaa.ee\/en\/wp-json\/wp\/v2\/product_tag?post=29518"}],"curies":[{"name":"wp","href":"https:\/\/api.w.org\/{rel}","templated":true}]}}