{"id":29520,"date":"2025-01-28T16:01:55","date_gmt":"2025-01-28T14:01:55","guid":{"rendered":"https:\/\/fifaa.ee\/?post_type=product&#038;p=29520"},"modified":"2026-04-01T16:17:48","modified_gmt":"2026-04-01T13:17:48","slug":"solarpulse-rplastist-kaasaskantav-paikesepaneel-10w","status":"publish","type":"product","link":"https:\/\/fifaa.ee\/en\/product\/solarpulse-rplastist-kaasaskantav-paikesepaneel-10w\/","title":{"rendered":"Solarpulse rplastic portable Solar panel 10W"},"content":{"rendered":"<p>10W dual foldable solar panel that allows you to directly charge your mobile device, speaker, power bank or other device. Simply connect the cable to the device when the panel is exposed to sunlight and start charging. The charge rate depends on the conditions. The panel uses high-quality monocrystalline solar panels with a conversion rate of 21%. With USB A and Type-C output (max 5V\/1A) and a charging indicator to show the charging speed. Solar charging rate: 5V\/2000mA. Made of PET material and RCS-certified recycled ABS. Includes an integrated stand function for optimal angle use of the solar panels. IPX 6 waterproof. Packed in FSC\u00ae mixed packaging.<\/p>","protected":false},"excerpt":{"rendered":"<p>10 W kahekordne kokkupandav p\u00e4ikesepaneel, mis v\u00f5imaldab otse laadida mobiilseadmesse, k\u00f5larisse, akupangasse v\u00f5i muusse seadmesse. Lihtsalt \u00fchendage kaabel seadmega, kui paneel on p\u00e4ikesevalguse k\u00e4es, ja alustage laadimist. Tasu m\u00e4\u00e4r s\u00f5ltub tingimustest. Paneel kasutab kvaliteetseid monokristallilisi p\u00e4ikesepaneele, mille konversioonim\u00e4\u00e4r on 21%. USB A ja C-t\u00fc\u00fcpi v\u00e4ljundiga (max 5V\/1A) ja laadimisn\u00e4idikuga laadimiskiiruse n\u00e4itamiseks. Laadimiskiirus p\u00e4ikeseenergia: 5V\/2000mA. Valmistatud [&hellip;]<\/p>\n","protected":false},"featured_media":29540,"template":"","meta":{"_acf_changed":false},"product_brand":[],"product_cat":[590,589],"product_tag":[],"class_list":{"0":"post-29520","1":"product","2":"type-product","3":"status-publish","4":"has-post-thumbnail","6":"product_cat-akupangad","7":"product_cat-elektroonika","8":"pa_varv-must","10":"first","11":"instock","12":"taxable","13":"shipping-taxable","14":"purchasable","15":"product-type-variable","16":"has-default-attributes"},"acf":[],"_links":{"self":[{"href":"https:\/\/fifaa.ee\/en\/wp-json\/wp\/v2\/product\/29520","targetHints":{"allow":["GET"]}}],"collection":[{"href":"https:\/\/fifaa.ee\/en\/wp-json\/wp\/v2\/product"}],"about":[{"href":"https:\/\/fifaa.ee\/en\/wp-json\/wp\/v2\/types\/product"}],"wp:featuredmedia":[{"embeddable":true,"href":"https:\/\/fifaa.ee\/en\/wp-json\/wp\/v2\/media\/29540"}],"wp:attachment":[{"href":"https:\/\/fifaa.ee\/en\/wp-json\/wp\/v2\/media?parent=29520"}],"wp:term":[{"taxonomy":"product_brand","embeddable":true,"href":"https:\/\/fifaa.ee\/en\/wp-json\/wp\/v2\/product_brand?post=29520"},{"taxonomy":"product_cat","embeddable":true,"href":"https:\/\/fifaa.ee\/en\/wp-json\/wp\/v2\/product_cat?post=29520"},{"taxonomy":"product_tag","embeddable":true,"href":"https:\/\/fifaa.ee\/en\/wp-json\/wp\/v2\/product_tag?post=29520"}],"curies":[{"name":"wp","href":"https:\/\/api.w.org\/{rel}","templated":true}]}}