{"id":29524,"date":"2025-01-28T16:01:55","date_gmt":"2025-01-28T14:01:55","guid":{"rendered":"https:\/\/fifaa.ee\/?post_type=product&#038;p=29524"},"modified":"2026-04-01T16:18:10","modified_gmt":"2026-04-01T13:18:10","slug":"suure-tihedusega-10-000-mah-taskuvoimsuspank","status":"publish","type":"product","link":"https:\/\/fifaa.ee\/en\/product\/suure-tihedusega-10-000-mah-taskuvoimsuspank\/","title":{"rendered":"High Density 10,000 mAh Pocket Powerbank"},"content":{"rendered":"<p>A powerful and portable 10,000mAh power bank made of lightweight ABS that fits perfectly in your pocket so you can take it with you anywhere. When fully charged, it gives you enough power to charge your mobile phone up to five times. The power bank contains a long-lasting A-grade 10,000mAh high-density lithium polymer battery. With two USB ports. Power indicators show the remaining power level so you always know when to charge. Input 5V\/2A. Type-C input: 5V\/2A output USB 1: 5V\/2A output USB 2: 5V\/1A<\/p>","protected":false},"excerpt":{"rendered":"<p>V\u00f5imas ja kaasaskantav 10 000 mAh akupank, mis on valmistatud kergest ABS-ist ja mahub nii ideaalselt taskusse, et saate selle k\u00f5ikjale kaasa v\u00f5tta. T\u00e4ielikult laetuna annab see teile piisavalt energiat mobiiltelefoni kuni viis korda laadimiseks. Akupank sisaldab kauakestvat A-klassi 10 000 mAh suure tihedusega liitiumpol\u00fcmeerakut. Kahe USB-pordiga. Toiteindikaatorid n\u00e4itavad j\u00e4relej\u00e4\u00e4nud energiataset, nii et teate alati, [&hellip;]<\/p>\n","protected":false},"featured_media":29548,"template":"","meta":{"_acf_changed":false},"product_brand":[],"product_cat":[590,589],"product_tag":[659],"class_list":{"0":"post-29524","1":"product","2":"type-product","3":"status-publish","4":"has-post-thumbnail","6":"product_cat-akupangad","7":"product_cat-elektroonika","8":"product_tag-more-colors","9":"pa_varv-must","10":"pa_varv-valge-new","12":"first","13":"instock","14":"taxable","15":"shipping-taxable","16":"purchasable","17":"product-type-variable","18":"has-default-attributes"},"acf":[],"_links":{"self":[{"href":"https:\/\/fifaa.ee\/en\/wp-json\/wp\/v2\/product\/29524","targetHints":{"allow":["GET"]}}],"collection":[{"href":"https:\/\/fifaa.ee\/en\/wp-json\/wp\/v2\/product"}],"about":[{"href":"https:\/\/fifaa.ee\/en\/wp-json\/wp\/v2\/types\/product"}],"wp:featuredmedia":[{"embeddable":true,"href":"https:\/\/fifaa.ee\/en\/wp-json\/wp\/v2\/media\/29548"}],"wp:attachment":[{"href":"https:\/\/fifaa.ee\/en\/wp-json\/wp\/v2\/media?parent=29524"}],"wp:term":[{"taxonomy":"product_brand","embeddable":true,"href":"https:\/\/fifaa.ee\/en\/wp-json\/wp\/v2\/product_brand?post=29524"},{"taxonomy":"product_cat","embeddable":true,"href":"https:\/\/fifaa.ee\/en\/wp-json\/wp\/v2\/product_cat?post=29524"},{"taxonomy":"product_tag","embeddable":true,"href":"https:\/\/fifaa.ee\/en\/wp-json\/wp\/v2\/product_tag?post=29524"}],"curies":[{"name":"wp","href":"https:\/\/api.w.org\/{rel}","templated":true}]}}