{"id":29569,"date":"2025-01-28T16:02:18","date_gmt":"2025-01-28T14:02:18","guid":{"rendered":"https:\/\/fifaa.ee\/?post_type=product&#038;p=29569"},"modified":"2026-04-01T16:18:33","modified_gmt":"2026-04-01T13:18:33","slug":"baia-5w-juhtmevaba-kolar","status":"publish","type":"product","link":"https:\/\/fifaa.ee\/en\/product\/baia-5w-juhtmevaba-kolar\/","title":{"rendered":"Baia 5W wireless speaker"},"content":{"rendered":"<p>Sustainable 5W speaker made from carefully sourced materials. The speaker is made from durable waterproof fabric and the base is made from cork. Baia offers an amazing sound and bass experience and is IPX 5 waterproof, making it suitable for use in the garden or taking to the beach. Baia uses BT 4.2 for easy use and a 1000 mAh battery allows you to play music for up to 8 hours without interruption. Operating distance up to 10 meters. Baia is packaged in plastic-free packaging to avoid unnecessary waste. Registered design\u00ae<\/p>","protected":false},"excerpt":{"rendered":"<p>S\u00e4\u00e4stev 5 W k\u00f5lar, mis on valmistatud hoolikalt hangitud materjalidest. K\u00f5lar on valmistatud vastupidavast veekindlast kangast ja p\u00f5hi on valmistatud korgist. Baia pakub h\u00e4mmastavat heli- ja bassikogemust ning IPX 5 veekindluse reitingu t\u00f5ttu sobib seda kasutada aias v\u00f5i randa kaasa v\u00f5tta. Baia kasutab h\u00f5lpsaks kasutamiseks BT 4.2 ja 1000 mah aku v\u00f5imaldab teil muusikat kuni [&hellip;]<\/p>\n","protected":false},"featured_media":29592,"template":"","meta":{"_acf_changed":false},"product_brand":[],"product_cat":[593,595],"product_tag":[],"class_list":{"0":"post-29569","1":"product","2":"type-product","3":"status-publish","4":"has-post-thumbnail","6":"product_cat-audio","7":"product_cat-kolarid","8":"pa_varv-must","10":"first","11":"instock","12":"taxable","13":"shipping-taxable","14":"purchasable","15":"product-type-variable","16":"has-default-attributes"},"acf":[],"_links":{"self":[{"href":"https:\/\/fifaa.ee\/en\/wp-json\/wp\/v2\/product\/29569","targetHints":{"allow":["GET"]}}],"collection":[{"href":"https:\/\/fifaa.ee\/en\/wp-json\/wp\/v2\/product"}],"about":[{"href":"https:\/\/fifaa.ee\/en\/wp-json\/wp\/v2\/types\/product"}],"wp:featuredmedia":[{"embeddable":true,"href":"https:\/\/fifaa.ee\/en\/wp-json\/wp\/v2\/media\/29592"}],"wp:attachment":[{"href":"https:\/\/fifaa.ee\/en\/wp-json\/wp\/v2\/media?parent=29569"}],"wp:term":[{"taxonomy":"product_brand","embeddable":true,"href":"https:\/\/fifaa.ee\/en\/wp-json\/wp\/v2\/product_brand?post=29569"},{"taxonomy":"product_cat","embeddable":true,"href":"https:\/\/fifaa.ee\/en\/wp-json\/wp\/v2\/product_cat?post=29569"},{"taxonomy":"product_tag","embeddable":true,"href":"https:\/\/fifaa.ee\/en\/wp-json\/wp\/v2\/product_tag?post=29569"}],"curies":[{"name":"wp","href":"https:\/\/api.w.org\/{rel}","templated":true}]}}