{"id":29574,"date":"2025-01-28T16:02:18","date_gmt":"2025-01-28T14:02:18","guid":{"rendered":"https:\/\/fifaa.ee\/?post_type=product&#038;p=29574"},"modified":"2026-04-01T16:18:33","modified_gmt":"2026-04-01T13:18:33","slug":"wheatstraw-juhtmevaba-laadimiskolar","status":"publish","type":"product","link":"https:\/\/fifaa.ee\/en\/product\/wheatstraw-juhtmevaba-laadimiskolar\/","title":{"rendered":"Wheatstraw wireless charging speaker"},"content":{"rendered":"<p>This elegant looking wheat straw (35% wheat fiber mixed with ABS) and cork wireless charging speaker allows you to connect while listening to your favorite songs and wirelessly charging your phone. Simply connect the included 150cm Type-C cable to a charger at home or in the office and you are ready to go. It includes a 5W wireless speaker and a 5W wireless charger with a Type-C input port and AUX port. The speaker has a 1200mAh battery and BT 5.0, allowing for up to 4 hours of playtime and a working distance of up to 10 meters. When using both features, make sure the unit is connected to a power source.<\/p>","protected":false},"excerpt":{"rendered":"<p>See elegantse v\u00e4limusega nisuk\u00f5rred (35% nisukiudu segatud ABS-iga) ja korgist juhtmevaba laadimisk\u00f5lar v\u00f5imaldavad teil \u00fchendada oma lemmiklugude kuulamise ja telefoni juhtmevaba laadimise ajal. Lihtsalt \u00fchendage kaasasolev 150 cm C-t\u00fc\u00fcpi kaabel kodus v\u00f5i kontoris laadijaga ja oletegi valmis. See sisaldab 5 W juhtmevaba k\u00f5larit ja 5 W juhtmevaba laadijat koos C-t\u00fc\u00fcpi sisendpordi ja AUX-pordiga. K\u00f5laril on [&hellip;]<\/p>\n","protected":false},"featured_media":29602,"template":"","meta":{"_acf_changed":false},"product_brand":[],"product_cat":[593,595],"product_tag":[],"class_list":{"0":"post-29574","1":"product","2":"type-product","3":"status-publish","4":"has-post-thumbnail","6":"product_cat-audio","7":"product_cat-kolarid","8":"pa_varv-kollane","9":"pa_varv-roheline","11":"first","12":"instock","13":"taxable","14":"shipping-taxable","15":"purchasable","16":"product-type-variable","17":"has-default-attributes"},"acf":[],"_links":{"self":[{"href":"https:\/\/fifaa.ee\/en\/wp-json\/wp\/v2\/product\/29574","targetHints":{"allow":["GET"]}}],"collection":[{"href":"https:\/\/fifaa.ee\/en\/wp-json\/wp\/v2\/product"}],"about":[{"href":"https:\/\/fifaa.ee\/en\/wp-json\/wp\/v2\/types\/product"}],"wp:featuredmedia":[{"embeddable":true,"href":"https:\/\/fifaa.ee\/en\/wp-json\/wp\/v2\/media\/29602"}],"wp:attachment":[{"href":"https:\/\/fifaa.ee\/en\/wp-json\/wp\/v2\/media?parent=29574"}],"wp:term":[{"taxonomy":"product_brand","embeddable":true,"href":"https:\/\/fifaa.ee\/en\/wp-json\/wp\/v2\/product_brand?post=29574"},{"taxonomy":"product_cat","embeddable":true,"href":"https:\/\/fifaa.ee\/en\/wp-json\/wp\/v2\/product_cat?post=29574"},{"taxonomy":"product_tag","embeddable":true,"href":"https:\/\/fifaa.ee\/en\/wp-json\/wp\/v2\/product_tag?post=29574"}],"curies":[{"name":"wp","href":"https:\/\/api.w.org\/{rel}","templated":true}]}}