{"id":29613,"date":"2025-01-28T16:02:35","date_gmt":"2025-01-28T14:02:35","guid":{"rendered":"https:\/\/fifaa.ee\/?post_type=product&#038;p=29613"},"modified":"2026-04-01T16:18:55","modified_gmt":"2026-04-01T13:18:55","slug":"tws-korvaklapid-juhtmevaba-laadimisumbrises","status":"publish","type":"product","link":"https:\/\/fifaa.ee\/en\/product\/tws-korvaklapid-juhtmevaba-laadimisumbrises\/","title":{"rendered":"TWS earbuds in wireless charging case"},"content":{"rendered":"<p>Ultimate freedom while listening to your favorite music with these true wireless headphones. Simply connect both ABS earbuds to listen to music in stereo and answer calls (mono). The headphones come in a stylish charging case that can be charged wirelessly with the included 5W wireless charger. This charger can also be used to charge your mobile phone. The wireless charger is compatible with all QI-enabled devices, such as Android latest generation, iPhone 8 and above. A 150 cm micro cable is included. The headphones use BT 4.2 for seamless connection and have a 50 mAh battery that allows for up to 3 hours of playtime and can be recharged in the charging case in 2 hours. The wireless connection distance is up to 10 meters. Includes different sized ear tips. Input 5V\/1A Wireless output: 5V\/1A.<\/p>","protected":false},"excerpt":{"rendered":"<p>\u00dclim vabadus nende t\u00f5eliste juhtmevabade k\u00f5rvaklappidega oma lemmikmuusikat kuulates. \u00dchendage lihtsalt m\u00f5lemad ABS-k\u00f5rvaklapid, et kuulata muusikat stereos ja vastata k\u00f5nedele (mono). K\u00f5rvaklapid on stiilses laadimis\u00fcmbrises, mida saab juhtmevabalt laadida kaasasoleva 5 W juhtmevaba laadijaga. Seda laadijat saab kasutada ka mobiiltelefoni laadimiseks. Juhtmeta laadija \u00fchildub k\u00f5igi QI-toega seadmetega, nagu Android uusim p\u00f5lvkond, iPhone 8 ja uuemad. [&hellip;]<\/p>\n","protected":false},"featured_media":29634,"template":"","meta":{"_acf_changed":false},"product_brand":[],"product_cat":[593,596],"product_tag":[],"class_list":{"0":"post-29613","1":"product","2":"type-product","3":"status-publish","4":"has-post-thumbnail","6":"product_cat-audio","7":"product_cat-juhtmevabad-korvaklapid","8":"pa_varv-must","10":"first","11":"instock","12":"taxable","13":"shipping-taxable","14":"purchasable","15":"product-type-variable","16":"has-default-attributes"},"acf":[],"_links":{"self":[{"href":"https:\/\/fifaa.ee\/en\/wp-json\/wp\/v2\/product\/29613","targetHints":{"allow":["GET"]}}],"collection":[{"href":"https:\/\/fifaa.ee\/en\/wp-json\/wp\/v2\/product"}],"about":[{"href":"https:\/\/fifaa.ee\/en\/wp-json\/wp\/v2\/types\/product"}],"wp:featuredmedia":[{"embeddable":true,"href":"https:\/\/fifaa.ee\/en\/wp-json\/wp\/v2\/media\/29634"}],"wp:attachment":[{"href":"https:\/\/fifaa.ee\/en\/wp-json\/wp\/v2\/media?parent=29613"}],"wp:term":[{"taxonomy":"product_brand","embeddable":true,"href":"https:\/\/fifaa.ee\/en\/wp-json\/wp\/v2\/product_brand?post=29613"},{"taxonomy":"product_cat","embeddable":true,"href":"https:\/\/fifaa.ee\/en\/wp-json\/wp\/v2\/product_cat?post=29613"},{"taxonomy":"product_tag","embeddable":true,"href":"https:\/\/fifaa.ee\/en\/wp-json\/wp\/v2\/product_tag?post=29613"}],"curies":[{"name":"wp","href":"https:\/\/api.w.org\/{rel}","templated":true}]}}