{"id":29655,"date":"2025-01-28T16:02:54","date_gmt":"2025-01-28T14:02:54","guid":{"rendered":"https:\/\/fifaa.ee\/?post_type=product&#038;p=29655"},"modified":"2026-04-01T16:19:24","modified_gmt":"2026-04-01T13:19:24","slug":"rgb-mangupeakomplekt","status":"publish","type":"product","link":"https:\/\/fifaa.ee\/en\/product\/rgb-mangupeakomplekt\/","title":{"rendered":"RGB gaming headset"},"content":{"rendered":"<p>Become a gaming hero with this high-quality RGB gaming headset. The headphones are adjustable and, thanks to the over-ear design, are extremely comfortable to wear for hours without interruption. With integrated RGB lights. Also includes a low latency mode to avoid screen lag. The high-quality MIC allows for perfect and clear communication and can be used for conference calls. With a 220 cm abrasion-resistant braided cable for extra long use. The headset is plug and play, so there is no need to install a driver. The product and cable are PVC-free.<\/p>","protected":false},"excerpt":{"rendered":"<p>Selle kvaliteetse RGB-m\u00e4ngupeakomplektiga saate m\u00e4ngukangelaseks. K\u00f5rvaklapid on reguleeritavad ja t\u00e4nu k\u00f5rva\u00e4\u00e4rsele disainile \u00fclimugavad kanda tunde katkematult. Integreeritud RGB tuledega. Sisaldab ka madala latentsusajaga re\u017eiimi, et ekraanilt ei tekiks viivitust. Kvaliteetne MIC v\u00f5imaldab t\u00e4iuslikku ja selget suhtlust ning seda saab kasutada konverentsk\u00f5nedeks. 220 cm kulumiskindla kootud kaabliga eriti pikaks kasutuseks. Peakomplekt on plug and play, seega [&hellip;]<\/p>\n","protected":false},"featured_media":29670,"template":"","meta":{"_acf_changed":false},"product_brand":[],"product_cat":[593,594],"product_tag":[],"class_list":{"0":"post-29655","1":"product","2":"type-product","3":"status-publish","4":"has-post-thumbnail","6":"product_cat-audio","7":"product_cat-korvaklapid","8":"pa_varv-must","10":"first","11":"instock","12":"taxable","13":"shipping-taxable","14":"purchasable","15":"product-type-variable","16":"has-default-attributes"},"acf":[],"_links":{"self":[{"href":"https:\/\/fifaa.ee\/en\/wp-json\/wp\/v2\/product\/29655","targetHints":{"allow":["GET"]}}],"collection":[{"href":"https:\/\/fifaa.ee\/en\/wp-json\/wp\/v2\/product"}],"about":[{"href":"https:\/\/fifaa.ee\/en\/wp-json\/wp\/v2\/types\/product"}],"wp:featuredmedia":[{"embeddable":true,"href":"https:\/\/fifaa.ee\/en\/wp-json\/wp\/v2\/media\/29670"}],"wp:attachment":[{"href":"https:\/\/fifaa.ee\/en\/wp-json\/wp\/v2\/media?parent=29655"}],"wp:term":[{"taxonomy":"product_brand","embeddable":true,"href":"https:\/\/fifaa.ee\/en\/wp-json\/wp\/v2\/product_brand?post=29655"},{"taxonomy":"product_cat","embeddable":true,"href":"https:\/\/fifaa.ee\/en\/wp-json\/wp\/v2\/product_cat?post=29655"},{"taxonomy":"product_tag","embeddable":true,"href":"https:\/\/fifaa.ee\/en\/wp-json\/wp\/v2\/product_tag?post=29655"}],"curies":[{"name":"wp","href":"https:\/\/api.w.org\/{rel}","templated":true}]}}