{"id":29660,"date":"2025-01-28T16:02:54","date_gmt":"2025-01-28T14:02:54","guid":{"rendered":"https:\/\/fifaa.ee\/?post_type=product&#038;p=29660"},"modified":"2026-04-01T16:19:47","modified_gmt":"2026-04-01T13:19:47","slug":"konverentskone-kolar","status":"publish","type":"product","link":"https:\/\/fifaa.ee\/en\/product\/konverentskone-kolar\/","title":{"rendered":"Conference call speaker"},"content":{"rendered":"<p>Turn any room into a meeting room with this wireless conference speaker. The speaker can be connected to any device that supports wireless connectivity to improve the sound quality of your meeting. The unit uses BT 5.1 for a super smooth connection and two high-quality 360-degree microphones to transmit clear voice up to 3 meters away. With a 1200 mAh battery that allows up to 6 hours of use on a single charge. The speaker can be used for most popular web calling applications. With mute button and volume up\/down. Comes with a 100 cm Type-C cable.<\/p>","protected":false},"excerpt":{"rendered":"<p>Muutke mis tahes ruum koosolekuruumiks selle juhtmevaba konverentsik\u00f5lariga. K\u00f5lari saab koosoleku helikvaliteedi parandamiseks \u00fchendada mis tahes seadmega, mis toetab juhtmevaba \u00fchendust. \u00dcksus kasutab \u00fclisujuvaks \u00fchenduseks BT 5.1 ja kahte kvaliteetset 360-kvaliteetset mikrofoni selge h\u00e4\u00e4le edastamiseks kuni 3 meetri kaugusele. 1200 mah akuga, mis v\u00f5imaldab \u00fche laadimisega kasutada kuni 6 tundi. K\u00f5larit saab kasutada enamlevinud veebik\u00f5nerakenduste [&hellip;]<\/p>\n","protected":false},"featured_media":29680,"template":"","meta":{"_acf_changed":false},"product_brand":[],"product_cat":[593,595],"product_tag":[],"class_list":{"0":"post-29660","1":"product","2":"type-product","3":"status-publish","4":"has-post-thumbnail","6":"product_cat-audio","7":"product_cat-kolarid","8":"pa_varv-must","10":"first","11":"instock","12":"taxable","13":"shipping-taxable","14":"purchasable","15":"product-type-variable","16":"has-default-attributes"},"acf":[],"_links":{"self":[{"href":"https:\/\/fifaa.ee\/en\/wp-json\/wp\/v2\/product\/29660","targetHints":{"allow":["GET"]}}],"collection":[{"href":"https:\/\/fifaa.ee\/en\/wp-json\/wp\/v2\/product"}],"about":[{"href":"https:\/\/fifaa.ee\/en\/wp-json\/wp\/v2\/types\/product"}],"wp:featuredmedia":[{"embeddable":true,"href":"https:\/\/fifaa.ee\/en\/wp-json\/wp\/v2\/media\/29680"}],"wp:attachment":[{"href":"https:\/\/fifaa.ee\/en\/wp-json\/wp\/v2\/media?parent=29660"}],"wp:term":[{"taxonomy":"product_brand","embeddable":true,"href":"https:\/\/fifaa.ee\/en\/wp-json\/wp\/v2\/product_brand?post=29660"},{"taxonomy":"product_cat","embeddable":true,"href":"https:\/\/fifaa.ee\/en\/wp-json\/wp\/v2\/product_cat?post=29660"},{"taxonomy":"product_tag","embeddable":true,"href":"https:\/\/fifaa.ee\/en\/wp-json\/wp\/v2\/product_tag?post=29660"}],"curies":[{"name":"wp","href":"https:\/\/api.w.org\/{rel}","templated":true}]}}