{"id":29663,"date":"2025-01-28T16:02:54","date_gmt":"2025-01-28T14:02:54","guid":{"rendered":"https:\/\/fifaa.ee\/?post_type=product&#038;p=29663"},"modified":"2026-04-01T16:20:08","modified_gmt":"2026-04-01T13:20:08","slug":"swiss-peak-juhtmevaba-korvaklapid-v3","status":"publish","type":"product","link":"https:\/\/fifaa.ee\/en\/product\/swiss-peak-juhtmevaba-korvaklapid-v3\/","title":{"rendered":"Swiss Peak wireless headphone V3"},"content":{"rendered":"<p>Wireless stereo headphones with high-quality sound for a perfect audio experience. The 300 mAh battery allows you to listen to music for up to 11 hours on a single charge and charging takes only 1.5 hours. Operating distance up to 10 meters. The headphones can be folded so that they fit into the included Swiss Peak EVA travel bag. With an aluminum housing and PU air cushions, the headphones are comfortable enough to wear for hours. With a microphone for taking calls. AUX cable included.<\/p>","protected":false},"excerpt":{"rendered":"<p>Kvaliteetse heliga juhtmevabad stereok\u00f5rvaklapid t\u00e4iusliku helikogemuse tagamiseks. 300 mAh aku v\u00f5imaldab \u00fche laadimisega kuulata muusikat kuni 11 tundi ja laadimine v\u00f5tab aega vaid 1,5 tundi. T\u00f6\u00f6kaugus kuni 10 meetrit. K\u00f5rvaklappe saab kokku voltida, nii et see mahub kaasasolevasse Swiss Peak EVA reisikotti. Alumiiniumist korpuse ja PU \u00f5hkpatjadega k\u00f5rvaklapid on piisavalt mugavad, et neid tunde kanda. [&hellip;]<\/p>\n","protected":false},"featured_media":29690,"template":"","meta":{"_acf_changed":false},"product_brand":[],"product_cat":[593,594],"product_tag":[],"class_list":{"0":"post-29663","1":"product","2":"type-product","3":"status-publish","4":"has-post-thumbnail","6":"product_cat-audio","7":"product_cat-korvaklapid","8":"pa_varv-hall","10":"first","11":"instock","12":"taxable","13":"shipping-taxable","14":"purchasable","15":"product-type-variable","16":"has-default-attributes"},"acf":[],"_links":{"self":[{"href":"https:\/\/fifaa.ee\/en\/wp-json\/wp\/v2\/product\/29663","targetHints":{"allow":["GET"]}}],"collection":[{"href":"https:\/\/fifaa.ee\/en\/wp-json\/wp\/v2\/product"}],"about":[{"href":"https:\/\/fifaa.ee\/en\/wp-json\/wp\/v2\/types\/product"}],"wp:featuredmedia":[{"embeddable":true,"href":"https:\/\/fifaa.ee\/en\/wp-json\/wp\/v2\/media\/29690"}],"wp:attachment":[{"href":"https:\/\/fifaa.ee\/en\/wp-json\/wp\/v2\/media?parent=29663"}],"wp:term":[{"taxonomy":"product_brand","embeddable":true,"href":"https:\/\/fifaa.ee\/en\/wp-json\/wp\/v2\/product_brand?post=29663"},{"taxonomy":"product_cat","embeddable":true,"href":"https:\/\/fifaa.ee\/en\/wp-json\/wp\/v2\/product_cat?post=29663"},{"taxonomy":"product_tag","embeddable":true,"href":"https:\/\/fifaa.ee\/en\/wp-json\/wp\/v2\/product_tag?post=29663"}],"curies":[{"name":"wp","href":"https:\/\/api.w.org\/{rel}","templated":true}]}}