{"id":29666,"date":"2025-01-28T16:02:54","date_gmt":"2025-01-28T14:02:54","guid":{"rendered":"https:\/\/fifaa.ee\/?post_type=product&#038;p=29666"},"modified":"2026-04-01T16:20:08","modified_gmt":"2026-04-01T13:20:08","slug":"urban-vitamin-palo-alto-rcs-rplastist-korvaklapid","status":"publish","type":"product","link":"https:\/\/fifaa.ee\/en\/product\/urban-vitamin-palo-alto-rcs-rplastist-korvaklapid\/","title":{"rendered":"Urban Vitamin Palo Alto RCS rplastic headphone"},"content":{"rendered":"<p>You&#039;ll feel it as soon as you put them on. These are the perfect headphones to live your favorite music with. The soft cushions fit perfectly in your ears, making them easy to wear all day long. The twist-on design makes them even better and the deep, clear sound starts to flow into your ears. The battery won&#039;t let you down: 60 hours of uninterrupted music, podcasts or videos. If someone calls you, answer them with the integrated microphone. When you need a short break from your headphones, simply fold them into a portable size to easily fit in your backpack. Includes an rPet drawstring bag made with the AWARE\u2122 label. The headphones are made from RCS (Recycled Claim Standard) certified recycled ABS. Total recycled content: 63% of the total weight of the product. RCS certification ensures a fully certified supply chain of recycled materials. Urban Vitamin products are made without PVC and packaged in reduced plastic packaging.<\/p>","protected":false},"excerpt":{"rendered":"<p>Tunnete seda kohe, kui need p\u00e4he paned. Need on ideaalsed k\u00f5rvaklapid, millega saate oma lemmikmuusikast kaasa elada. Pehmed padjad istuvad ideaalselt k\u00f5rvas, neid saab h\u00f5lpsasti kanda terve p\u00e4eva. Keeratava disaini t\u00f5ttu istuvad need veelgi paremini ja s\u00fcgav selge heli hakkab teie k\u00f5rvu voolama. Aku ei vea teid alt: 60 tundi katkematut muusikat, taskuh\u00e4\u00e4lingusaadet v\u00f5i videot. [&hellip;]<\/p>\n","protected":false},"featured_media":29696,"template":"","meta":{"_acf_changed":false},"product_brand":[],"product_cat":[593,594],"product_tag":[],"class_list":{"0":"post-29666","1":"product","2":"type-product","3":"status-publish","4":"has-post-thumbnail","6":"product_cat-audio","7":"product_cat-korvaklapid","8":"pa_varv-must","10":"first","11":"instock","12":"taxable","13":"shipping-taxable","14":"purchasable","15":"product-type-variable","16":"has-default-attributes"},"acf":[],"_links":{"self":[{"href":"https:\/\/fifaa.ee\/en\/wp-json\/wp\/v2\/product\/29666","targetHints":{"allow":["GET"]}}],"collection":[{"href":"https:\/\/fifaa.ee\/en\/wp-json\/wp\/v2\/product"}],"about":[{"href":"https:\/\/fifaa.ee\/en\/wp-json\/wp\/v2\/types\/product"}],"wp:featuredmedia":[{"embeddable":true,"href":"https:\/\/fifaa.ee\/en\/wp-json\/wp\/v2\/media\/29696"}],"wp:attachment":[{"href":"https:\/\/fifaa.ee\/en\/wp-json\/wp\/v2\/media?parent=29666"}],"wp:term":[{"taxonomy":"product_brand","embeddable":true,"href":"https:\/\/fifaa.ee\/en\/wp-json\/wp\/v2\/product_brand?post=29666"},{"taxonomy":"product_cat","embeddable":true,"href":"https:\/\/fifaa.ee\/en\/wp-json\/wp\/v2\/product_cat?post=29666"},{"taxonomy":"product_tag","embeddable":true,"href":"https:\/\/fifaa.ee\/en\/wp-json\/wp\/v2\/product_tag?post=29666"}],"curies":[{"name":"wp","href":"https:\/\/api.w.org\/{rel}","templated":true}]}}