{"id":29704,"date":"2025-01-28T16:03:12","date_gmt":"2025-01-28T14:03:12","guid":{"rendered":"https:\/\/fifaa.ee\/?post_type=product&#038;p=29704"},"modified":"2026-04-01T16:20:33","modified_gmt":"2026-04-01T13:20:33","slug":"rcs-taaskasutatud-plastist-liberty-pro-juhtmevabad-korvaklapid","status":"publish","type":"product","link":"https:\/\/fifaa.ee\/en\/product\/rcs-taaskasutatud-plastist-liberty-pro-juhtmevabad-korvaklapid\/","title":{"rendered":"RCS recycled plastic Liberty Pro wireless earbuds"},"content":{"rendered":"<p>Next generation true wireless earbuds in a charging case. The earbuds and charging case are made from RCS (Recycled Claim Standard) certified recycled ABS. Total recycled content: 56% of the total weight of the item. RCS certification ensures a fully certified supply chain of recycled materials. The perfectly fitting earbuds have a 35 mAh battery and can be recharged in the 300 mAh charging case within 2 hours. The auto-pairing feature makes it so easy to pair with your mobile device. Playtime at medium volume approx. 3 hours. With BT 5.3 for optimal connection. Operating distance up to 10 meters. With touch pickup and microphone. With stereo function and microphone to answer calls in stereo and touch sensor to pause music or answer calls simply by touching the earbud. Comes with 3 sizes of silicone ear tips. Includes GRS certified recycled TPE charging cable. Packed in FSC\u00ae mixed packaging. Product and accessories 100% PVC-free.<\/p>","protected":false},"excerpt":{"rendered":"<p>J\u00e4rgmise p\u00f5lvkonna t\u00f5elised juhtmevabad k\u00f5rvaklapid laadimis\u00fcmbrises. K\u00f5rvaklapid ja laadimis\u00fcmbris on valmistatud RCS-i (Recycled Claim Standard) sertifitseeritud taaskasutatud ABS-ist. Taaskasutatud kogusisaldus: 56% eseme kogukaalust. RCS-sertifikaat tagab taaskasutatud materjalide t\u00e4ielikult sertifitseeritud tarneahela. T\u00e4iuslikult istuvatel k\u00f5rvaklappidel on 35 mAh aku ja neid saab 300 mAh laadimis\u00fcmbrises uuesti laadida 2 tunni jooksul. Automaatse sidumisfunktsiooniga on nii lihtne siduda oma [&hellip;]<\/p>\n","protected":false},"featured_media":29722,"template":"","meta":{"_acf_changed":false},"product_brand":[],"product_cat":[593,596],"product_tag":[],"class_list":{"0":"post-29704","1":"product","2":"type-product","3":"status-publish","4":"has-post-thumbnail","6":"product_cat-audio","7":"product_cat-juhtmevabad-korvaklapid","8":"pa_varv-valge-new","10":"first","11":"instock","12":"taxable","13":"shipping-taxable","14":"purchasable","15":"product-type-variable","16":"has-default-attributes"},"acf":[],"_links":{"self":[{"href":"https:\/\/fifaa.ee\/en\/wp-json\/wp\/v2\/product\/29704","targetHints":{"allow":["GET"]}}],"collection":[{"href":"https:\/\/fifaa.ee\/en\/wp-json\/wp\/v2\/product"}],"about":[{"href":"https:\/\/fifaa.ee\/en\/wp-json\/wp\/v2\/types\/product"}],"wp:featuredmedia":[{"embeddable":true,"href":"https:\/\/fifaa.ee\/en\/wp-json\/wp\/v2\/media\/29722"}],"wp:attachment":[{"href":"https:\/\/fifaa.ee\/en\/wp-json\/wp\/v2\/media?parent=29704"}],"wp:term":[{"taxonomy":"product_brand","embeddable":true,"href":"https:\/\/fifaa.ee\/en\/wp-json\/wp\/v2\/product_brand?post=29704"},{"taxonomy":"product_cat","embeddable":true,"href":"https:\/\/fifaa.ee\/en\/wp-json\/wp\/v2\/product_cat?post=29704"},{"taxonomy":"product_tag","embeddable":true,"href":"https:\/\/fifaa.ee\/en\/wp-json\/wp\/v2\/product_tag?post=29704"}],"curies":[{"name":"wp","href":"https:\/\/api.w.org\/{rel}","templated":true}]}}